{"id":2047,"date":"2024-02-12T08:45:07","date_gmt":"2024-02-12T08:45:07","guid":{"rendered":"https:\/\/suedtirolbank.eu\/whistleblowing\/"},"modified":"2024-08-02T14:49:45","modified_gmt":"2024-08-02T14:49:45","slug":"whistleblowing","status":"publish","type":"page","link":"https:\/\/suedtirolbank.eu\/de\/whistleblowing\/","title":{"rendered":"Whistleblowing"},"content":{"rendered":"[vc_row type=&#8220;full_width_background&#8220; full_screen_row_position=&#8220;middle&#8220; column_margin=&#8220;default&#8220; column_direction=&#8220;default&#8220; column_direction_tablet=&#8220;default&#8220; column_direction_phone=&#8220;default&#8220; scene_position=&#8220;center&#8220; top_padding=&#8220;200px&#8220; text_color=&#8220;light&#8220; text_align=&#8220;left&#8220; row_border_radius=&#8220;none&#8220; row_border_radius_applies=&#8220;bg&#8220; overflow=&#8220;visible&#8220; class=&#8220;eoc-secondary-header&#8220; overlay_strength=&#8220;0.3&#8243; gradient_direction=&#8220;left_to_right&#8220; shape_divider_position=&#8220;bottom&#8220; bg_image_animation=&#8220;none&#8220; gradient_type=&#8220;default&#8220; shape_type=&#8220;&#8220;][vc_column column_padding=&#8220;padding-5-percent&#8220; column_padding_tablet=&#8220;inherit&#8220; column_padding_phone=&#8220;inherit&#8220; column_padding_position=&#8220;left&#8220; column_element_direction_desktop=&#8220;default&#8220; column_element_spacing=&#8220;default&#8220; desktop_text_alignment=&#8220;default&#8220; tablet_text_alignment=&#8220;default&#8220; phone_text_alignment=&#8220;default&#8220; background_color_opacity=&#8220;1&#8243; background_hover_color_opacity=&#8220;1&#8243; column_backdrop_filter=&#8220;none&#8220; column_shadow=&#8220;none&#8220; column_border_radius=&#8220;none&#8220; column_link_target=&#8220;_self&#8220; column_position=&#8220;default&#8220; gradient_direction=&#8220;left_to_right&#8220; overlay_strength=&#8220;0.3&#8243; width=&#8220;1\/1&#8243; tablet_width_inherit=&#8220;default&#8220; animation_type=&#8220;default&#8220; bg_image_animation=&#8220;none&#8220; border_type=&#8220;simple&#8220; column_border_width=&#8220;none&#8220; column_border_style=&#8220;solid&#8220; column_padding_type=&#8220;default&#8220; gradient_type=&#8220;default&#8220;][vc_column_text css=&#8220;&#8220; text_direction=&#8220;default&#8220;]\n<h1>\u00a0Whistleblowing<\/h1>\n[\/vc_column_text][\/vc_column][\/vc_row][vc_row type=&#8220;in_container&#8220; full_screen_row_position=&#8220;middle&#8220; column_margin=&#8220;default&#8220; column_direction=&#8220;default&#8220; column_direction_tablet=&#8220;default&#8220; column_direction_phone=&#8220;default&#8220; scene_position=&#8220;center&#8220; top_padding=&#8220;8%&#8220; constrain_group_1=&#8220;yes&#8220; bottom_padding=&#8220;8%&#8220; top_padding_phone=&#8220;20%&#8220; constrain_group_5=&#8220;yes&#8220; bottom_padding_phone=&#8220;20%&#8220; text_color=&#8220;dark&#8220; text_align=&#8220;left&#8220; row_border_radius=&#8220;none&#8220; row_border_radius_applies=&#8220;bg&#8220; overflow=&#8220;visible&#8220; overlay_strength=&#8220;0.3&#8243; gradient_direction=&#8220;left_to_right&#8220; shape_divider_position=&#8220;bottom&#8220; bg_image_animation=&#8220;none&#8220; gradient_type=&#8220;default&#8220; shape_type=&#8220;&#8220;][vc_column column_padding=&#8220;no-extra-padding&#8220; column_padding_tablet=&#8220;inherit&#8220; column_padding_phone=&#8220;inherit&#8220; column_padding_position=&#8220;all&#8220; column_element_direction_desktop=&#8220;default&#8220; column_element_spacing=&#8220;default&#8220; desktop_text_alignment=&#8220;default&#8220; tablet_text_alignment=&#8220;default&#8220; phone_text_alignment=&#8220;default&#8220; background_color_opacity=&#8220;1&#8243; background_hover_color_opacity=&#8220;1&#8243; column_backdrop_filter=&#8220;none&#8220; column_shadow=&#8220;none&#8220; column_border_radius=&#8220;none&#8220; column_link_target=&#8220;_self&#8220; column_position=&#8220;default&#8220; gradient_direction=&#8220;left_to_right&#8220; overlay_strength=&#8220;0.3&#8243; width=&#8220;1\/1&#8243; tablet_width_inherit=&#8220;default&#8220; animation_type=&#8220;default&#8220; bg_image_animation=&#8220;none&#8220; border_type=&#8220;simple&#8220; column_border_width=&#8220;none&#8220; column_border_style=&#8220;solid&#8220; column_padding_type=&#8220;default&#8220; gradient_type=&#8220;default&#8220;][vc_column_text css=&#8220;&#8220; text_direction=&#8220;default&#8220;]\n<h1>Il sistema di segnalazione delle violazioni &#8222;Whistleblowing&#8220;<\/h1>\n<p>&nbsp;<\/p>\n<p><strong><em>ATTENZIONE!<\/em><\/strong><\/p>\n<p><strong><em>Il canale di segnalazione whistleblowing non \u00e8 destinato alla gestione di reclami\/lamentele, richieste di natura commerciale o controversie relative al rapporto di lavoro, per le quali occorre pertanto far riferimento agli altri canali appositamente previsti da S\u00fcdtirol Bank S.p.A, quali indicati sul sito internet aziendale ovvero all\u2019interno della documentazione di trasparenza.<\/em><\/strong><\/p>\n<p>&nbsp;<\/p>\n<p>S\u00fcdtirol Bank S.p.A. (la \u201c<strong>Banca<\/strong>\u201d) ha adottato un sistema interno di segnalazione di atti o fatti che possano costituire violazioni delle disposizioni normative nazionali o dell\u2019Unione europea, avvenute nello svolgimento dell\u2019attivit\u00e0 lavorativa o che abbiano un impatto sulla stessa e che arrechino o possano arrecare danni o pregiudizio alla Banca e\/o ai suoi dipendenti o che ledano l\u2019interesse pubblico (\u201c<strong>Whistleblowing<\/strong>\u201d).<\/p>\n<p>Il processo di segnalazione interna si avvale di una piattaforma digitale dedicata (la \u201c<strong>piattaforma<\/strong>\u201d) che permette di effettuare segnalazioni ai sensi del D. lgs. n. 24\/2023, volto alla protezione delle persone che segnalano di violazioni di norme nazionali o dell&#8217;Unione Europea da parte dei dipendenti o di altri soggetti che hanno rapporti con S\u00fcdtirol Bank S.p.A.<\/p>\n<p>Si raccomanda l\u2019utilizzo della piattaforma per l\u2019invio di segnalazioni. In ogni caso, qualora il segnalante scegliesse mezzi alternativi, affinch\u00e9 sia assicurata l\u2019applicazione delle tutele previste dalla normativa di riferimento, nella segnalazione dovr\u00e0 essere specificata la volont\u00e0 di mantenere riservata la propria identit\u00e0, con espresso richiamo al D. lgs. n. 24\/2023 o ad altri specifici riferimenti in materia di whistleblowing.<\/p>\n<p>Sotto l\u2019aspetto pratico, le segnalazioni effettuate nella piattaforma avvengono tramite una procedura guidata; di seguito si forniscono le principali informazioni relative alla richiamata normativa.<\/p>\n<p><strong>\u00a0<\/strong><\/p>\n<ol>\n<li><strong>CHI PU\u00d2 EFFETTUARE LA SEGNALAZIONE<\/strong><\/li>\n<\/ol>\n<p>&nbsp;<\/p>\n<p>Possono effettuare una segnalazione i seguenti soggetti:<\/p>\n<p>\u2212\u00a0\u00a0\u00a0\u00a0 i dipendenti a tempo indeterminato o determinato;<\/p>\n<p>\u2212\u00a0\u00a0\u00a0\u00a0 i lavoratori o collaboratori che forniscono beni o servizi o che realizzano opere in favore di terzi;<\/p>\n<p>\u2212\u00a0\u00a0\u00a0\u00a0 i titolari di un rapporto di collaborazione professionale di cui all\u2019articolo 409 c.p.c. (ad esempio, rapporto di agenzia) e all\u2019art. 2 D. lgs. n. 81\/2015 (collaborazioni organizzate dal committente gli stagisti e i collaboratori;<\/p>\n<p>\u2212\u00a0\u00a0\u00a0\u00a0 i consulenti in attivit\u00e0 finanziaria abilitati all\u2019offerta fuori sede;<\/p>\n<p>\u2212\u00a0\u00a0\u00a0\u00a0 i volontari e i tirocinanti (retribuiti e non retribuiti);<\/p>\n<p>\u2212\u00a0\u00a0\u00a0\u00a0 gli agenti in attivit\u00e0 finanziaria;<\/p>\n<p>\u2212\u00a0\u00a0\u00a0\u00a0 i recuperatori creditizi;<\/p>\n<p>\u2212\u00a0\u00a0\u00a0\u00a0 i fornitori;<\/p>\n<p>\u2212\u00a0\u00a0\u00a0\u00a0 i liberi professionisti e consulenti che prestano la propria attivit\u00e0 presso la Banca;<\/p>\n<p>\u2212\u00a0\u00a0\u00a0\u00a0 gli azionisti;<\/p>\n<p>\u2212\u00a0\u00a0\u00a0\u00a0 le persone con funzioni di amministrazione, direzione, controllo, vigilanza o rappresentanza.<\/p>\n<p>Le segnalazioni sono ammesse anche nelle seguenti circostanze:<\/p>\n<p>\u2212\u00a0\u00a0\u00a0\u00a0 quando il rapporto giuridico non \u00e8 ancora iniziato, se le informazioni sulle violazioni sono state acquisite durante il processo di selezione o in altre fasi precontrattuali (ad es. candidati);<\/p>\n<p>\u2212\u00a0\u00a0\u00a0\u00a0 successivamente allo scioglimento del rapporto giuridico se le informazioni sulle violazioni sono state acquisite prima dello scioglimento del rapporto stesso (e.g. pensionati).<\/p>\n<p>&nbsp;<\/p>\n<ol start=\"2\">\n<li><strong>COSA \u00c8 POSSIBILE SEGNALARE<\/strong><\/li>\n<\/ol>\n<p>&nbsp;<\/p>\n<p>Le segnalazioni possono avere per oggetto (elenco a titolo esemplificativo e non esaustivo):<\/p>\n<p>(1) Illeciti amministrativi, contabili, civili o penali;<\/p>\n<p>(2) condotte illecite e rilevanti ai sensi del D. lgs. n. 231\/2001 o violazione dei modelli di organizzazione e gestione (ove presenti);<\/p>\n<p>(3) segnalazioni concernenti la violazione, potenziale o effettiva, delle disposizioni dettate in funzione di prevenzione dei fenomeni di riciclaggio e finanziamento del terrorismo;<\/p>\n<p>(4) segnalazioni concernenti atti o fatti che possano costituire violazioni di norme disciplinanti l\u2019attivit\u00e0 bancaria, finanziaria, assicurativa, della normativa antitrust nonch\u00e9 delle disposizioni in materia di abusi di mercato;<\/p>\n<p>(5) illeciti che rientrano nell\u2019ambito di applicazione degli atti dell\u2019Unione europea o nazionali indicati nell\u2019allegato al D. lgs. 10 marzo 2023 n. 24 o degli atti nazionali che costituiscono attuazione degli atti dell\u2019Unione europea indicati nell\u2019allegato alla Direttiva n. 2019\/1937, seppur non indicati nell\u2019allegato al decreto, relativamente ai seguenti settori: appalti pubblici; servizi, prodotti e mercati finanziari; prevenzione del riciclaggio e del finanziamento del terrorismo; sicurezza degli alimenti, dei mangimi e della salute e benessere degli animali; sicurezza e conformit\u00e0 dei prodotti; sicurezza dei trasporti; salute pubblica; tutela della vita privata e protezione dei dati personali; tutela dell\u2019ambiente; radioprotezione e sicurezza nucleare; protezione dei consumatori; sicurezza delle reti e dei sistemi informativi;<\/p>\n<p>(6) atti o omissioni che ledono gli interessi finanziari dell\u2019unione europea (art. 325, TFUE<a href=\"https:\/\/www.suedtirolbank.eu\/#_ftn1\" name=\"_ftnref1\">[1]<\/a>);<\/p>\n<p>(7) atti e omissioni riguardanti (art 26, par 2, TFUE) la libera circolazione delle merci, delle persone, dei servizi e dei capitali nel mercato interno, comprese violazioni delle norme dell\u2019Unione europea in materia di i) Concorrenza, ii) Aiuti di Stato, iii) Imposte sulle societ\u00e0;<\/p>\n<p>(8) atti o comportamenti che vanificano oggetto e finalit\u00e0 delle disposizioni Ue di cui ai precedenti punti (5), (6) e (7).<\/p>\n<p>&nbsp;<\/p>\n<ol start=\"3\">\n<li><strong>COME EFFETTUARE LA SEGNALAZIONE<\/strong><\/li>\n<\/ol>\n<p>&nbsp;<\/p>\n<p>La Banca ha previsto un canale di segnalazione che garantisce, con modalit\u00e0 informatiche, la riservatezza dell\u2019identit\u00e0 del segnalante.<\/p>\n<p>E\u2019 possibile effettuare una segnalazione interna con accesso a una piattaforma dedicata (la \u201c<strong>piattaforma<\/strong>\u201d), utilizzando i seguenti link:<\/p>\n<p>\u2212\u00a0\u00a0\u00a0\u00a0<a title=\"Whistleblowing\" href=\"https:\/\/digitalplatform.unionefiduciaria.it\/whistleblowingnew\/it\/accessoprincipale\/identificazionegruppo?TOKEN=03374WBREG\" target=\"_blank\" rel=\"noopener\">Inserisci una segnalazione Whistleblowing<\/a>\u00a0(TUB\/DLgs. 231)<\/p>\n<p>\u2212\u00a0\u00a0\u00a0\u00a0<a title=\"Whistleblowing AR\" href=\"https:\/\/digitalplatform.unionefiduciaria.it\/whistleblowingnew\/it\/accessoprincipale\/identificazionegruppo?TOKEN=03374WB\" target=\"_blank\" rel=\"noopener\">Inserisci una segnalazione Whistleblowing Antiriciclaggio<\/a><\/p>\n<p>Al fine di agevolare l\u2019inserimento della segnalazione,<a title=\"Manuale WB\" href=\"\/wp-content\/uploads\/documenti\/whistleblowing\/Manuale Whistleblowing Segnalante.pdf\" target=\"_blank\" rel=\"noopener\">\u00a0la Banca mette a disposizione degli utenti un documento contenente le istruzioni di accesso e di utilizzo della piattaforma.<\/a><\/p>\n<p>La segnalazione deve consentire l\u2019identificazione del segnalante, ove previsto dalla normativa, e deve contenere una circostanziata descrizione dei fatti e dei comportamenti considerati in contrasto con la normativa indicando, ove possibile, anche i documenti, le regole che si considerano violate e gli altri riscontri utili a condurre l\u2019accertamento sui fatti contestati. Il segnalante ha infine l\u2019obbligo di dichiarare se ha un interesse personale collegato alla segnalazione.<\/p>\n<p>Il canale non prevede la possibilit\u00e0 di presentare reclami e lamentele di carattere personale.<\/p>\n<p>Le informazioni acquisite verranno trattate con la massima attenzione e assoluta riservatezza.<\/p>\n<p>I dati personali e le informazioni acquisite da S\u00fcdtirol Bank Spa, quale soggetto al quale \u00e8 inviata la segnalazione, saranno dalla medesima trattati in qualit\u00e0 di \u201cTitolare del trattamento\u201d per la relativa gestione, in adempimento di un obbligo di legge.<\/p>\n<p>I dati relativi alla segnalazione saranno conservati non oltre 5 anni dell\u2019esito finale della procedura.<\/p>\n<p>L&#8217;informativa in merito al trattamento dei dati personali pu\u00f2 essere scaricata\u00a0<a title=\"Informativa\" href=\"\/wp-content\/uploads\/documenti\/whistleblowing\/WB - Informativa Privacy.pdf\" target=\"_blank\" rel=\"noopener\">qui.<\/a><\/p>\n<p>&nbsp;<\/p>\n<ol start=\"4\">\n<li><strong>SEGNALAZIONE TRAMITE CANALI ESTERNI ALLA BANCA<\/strong><\/li>\n<\/ol>\n<p>&nbsp;<\/p>\n<p>In via prioritaria, le persone segnalanti sono incoraggiate a utilizzare i canali interni di segnalazione, descritti ai precedenti paragrafi.<\/p>\n<p>Ci\u00f2 premesso, i segnalanti possono effettuare una segnalazione esterna, direttamente alle Autorit\u00e0 competenti, purch\u00e9 sia soddisfatta almeno una delle seguenti condizioni:<\/p>\n<p>\u2212\u00a0\u00a0\u00a0\u00a0 la segnalazione interna, precedentemente effettuata, non ha avuto nessun seguito;<\/p>\n<p>\u2212\u00a0\u00a0\u00a0\u00a0 sussistono fondati motivi per ritenere che, se fosse effettuata una segnalazione interna, non le verrebbe dato efficace seguito o potrebbe comportare il rischio di ritorsione nei confronti del segnalante;<\/p>\n<p>\u2212\u00a0\u00a0\u00a0\u00a0 sussiste il fondato motivo di ritenere che la violazione possa costituire un pericolo imminente o palese per il pubblico interesse.<\/p>\n<p>Di seguito si riportano i canali di segnalazione attualmente attivati dalle Autorit\u00e0 di vigilanza:<\/p>\n<p>\u2212\u00a0\u00a0\u00a0\u00a0 per segnalare alla Banca d\u2019Italia eventuali violazioni della normativa o presunte anomalie gestionali, riscontrate presso la S\u00fcdtirol Bank Spa, \u00e8 necessario seguire le regole descritte al seguente link:\u00a0<a href=\"https:\/\/www.bancaditalia.it\/compiti\/vigilanza\/whistleblowing\/index.html\" target=\"_blank\" rel=\"noopener\">https:\/\/www.bancaditalia.it\/compiti\/vigilanza\/whistleblowing\/index.html<\/a>.<\/p>\n<p>\u2212\u00a0\u00a0\u00a0\u00a0 per presentare una segnalazione esterna all\u2019attenzione dell\u2019Autorit\u00e0 Nazionale Anti Corruzione (ANAC) \u00e8 necessario seguire le indicazioni riportate sul sito istituzionale di tale autorit\u00e0:\u00a0<a href=\"https:\/\/www.anticorruzione.it\/-\/whistleblowing\" target=\"_blank\" rel=\"noopener\">https:\/\/www.anticorruzione.it\/-\/whistleblowing<\/a>.<\/p>\n<p>&nbsp;<\/p>\n<ol start=\"5\">\n<li><strong>TUTELE<\/strong><\/li>\n<\/ol>\n<p>&nbsp;<\/p>\n<p>Le tutele di cui alla presente procedura si applicano:<\/p>\n<p>\u2212\u00a0\u00a0\u00a0\u00a0 al segnalante;<\/p>\n<p>\u2212\u00a0\u00a0\u00a0\u00a0 al facilitatore;<\/p>\n<p>\u2212\u00a0\u00a0\u00a0\u00a0 alle persone dello stesso contesto lavorativo del segnalante, incluso chi ha sporto una denuncia all\u2019Autorit\u00e0 giudiziaria o contabile o ha effettuato una divulgazione pubblica e che sono legate a essi da uno stabile legame affettivo o di parentela entro il quarto grado;<\/p>\n<p>\u2212\u00a0\u00a0\u00a0\u00a0 ai colleghi di lavoro del segnalante, incluso chi ha sporto una denuncia all\u2019Autorit\u00e0 giudiziaria o contabile o ha effettuato una divulgazione pubblica, che lavorano nello stesso contesto lavorativo e che hanno con detta persona un rapporto abituale e corrente;<\/p>\n<p>\u2212\u00a0\u00a0\u00a0\u00a0 agli enti di propriet\u00e0 del segnalante, incluso chi ha sporto una denuncia all\u2019Autorit\u00e0 giudiziaria o contabile o ha effettuato una divulgazione pubblica o per i quali le stesse persone lavorano, e agli enti che operano nello stesso contesto lavorativo di tali soggetti.<\/p>\n<p>Le tutele operano a condizione che, al momento della segnalazione, il segnalante avesse fondato motivo di ritenere che le informazioni sulle violazioni fossero vere e rientrassero nell\u2019ambito di applicazione del D. lgs. n. 24\/2023 e fossero state comunicate con le modalit\u00e0 e nei termini previsti dallo stesso.<\/p>\n<p>La S\u00fcdtirol Bank Spa tutela i sopra indicati soggetti contro ritorsioni, effettive o anche solo tentate o minacciate, intendendosi per ritorsione qualunque comportamento, anche omissivo, motivato anche in parte dalla segnalazione atto a provocare, direttamente o indirettamente, al soggetto tutelato un danno ingiusto o comunque un evento pregiudizievole.<\/p>\n<p>&nbsp;<\/p>\n<p>La riservatezza del segnalate garantita dalla normativa \u00e8 protetta anche ai sensi della disciplina sulla protezione dei dati personali, come da specifica informativa. In proposito, si conferma che la procedura \u00e8 stata preliminarmente vagliata tramite Data Protection Impact Assessment ai sensi dell\u2019art. 35 del Regolamento UE 2016\/679 (\u201cGDPR\u201d).<\/p>\n<p>&nbsp;<\/p>\n<p>&nbsp;<\/p>\n<p>__________________________________________________<\/p>\n<p><a href=\"https:\/\/www.suedtirolbank.eu\/#_ftnref1\" name=\"_ftn1\">[1]<\/a>\u00a0Trattato sul funzionamento dell\u2019Unione europea.[\/vc_column_text][\/vc_column][\/vc_row]\n","protected":false},"excerpt":{"rendered":"<p>[vc_row type=&#8220;full_width_background&#8220; full_screen_row_position=&#8220;middle&#8220; column_margin=&#8220;default&#8220; column_direction=&#8220;default&#8220; column_direction_tablet=&#8220;default&#8220; column_direction_phone=&#8220;default&#8220; scene_position=&#8220;center&#8220; top_padding=&#8220;200px&#8220; text_color=&#8220;light&#8220; text_align=&#8220;left&#8220; row_border_radius=&#8220;none&#8220; row_border_radius_applies=&#8220;bg&#8220; overflow=&#8220;visible&#8220; class=&#8220;eoc-secondary-header&#8220; overlay_strength=&#8220;0.3&#8243; gradient_direction=&#8220;left_to_right&#8220; shape_divider_position=&#8220;bottom&#8220; bg_image_animation=&#8220;none&#8220; gradient_type=&#8220;default&#8220; shape_type=&#8220;&#8220;][vc_column column_padding=&#8220;padding-5-percent&#8220; column_padding_tablet=&#8220;inherit&#8220; column_padding_phone=&#8220;inherit&#8220; column_padding_position=&#8220;left&#8220; column_element_direction_desktop=&#8220;default&#8220; column_element_spacing=&#8220;default&#8220; desktop_text_alignment=&#8220;default&#8220; tablet_text_alignment=&#8220;default&#8220; phone_text_alignment=&#8220;default&#8220; background_color_opacity=&#8220;1&#8243; background_hover_color_opacity=&#8220;1&#8243; column_backdrop_filter=&#8220;none&#8220; column_shadow=&#8220;none&#8220; column_border_radius=&#8220;none&#8220; column_link_target=&#8220;_self&#8220; column_position=&#8220;default&#8220; gradient_direction=&#8220;left_to_right&#8220; overlay_strength=&#8220;0.3&#8243; width=&#8220;1\/1&#8243;&#8230;<\/p>\n","protected":false},"author":2,"featured_media":0,"parent":0,"menu_order":38,"comment_status":"closed","ping_status":"closed","template":"","meta":{"_acf_changed":false,"footnotes":""},"class_list":["post-2047","page","type-page","status-publish"],"acf":[],"_links":{"self":[{"href":"https:\/\/suedtirolbank.eu\/de\/wp-json\/wp\/v2\/pages\/2047","targetHints":{"allow":["GET"]}}],"collection":[{"href":"https:\/\/suedtirolbank.eu\/de\/wp-json\/wp\/v2\/pages"}],"about":[{"href":"https:\/\/suedtirolbank.eu\/de\/wp-json\/wp\/v2\/types\/page"}],"author":[{"embeddable":true,"href":"https:\/\/suedtirolbank.eu\/de\/wp-json\/wp\/v2\/users\/2"}],"replies":[{"embeddable":true,"href":"https:\/\/suedtirolbank.eu\/de\/wp-json\/wp\/v2\/comments?post=2047"}],"version-history":[{"count":7,"href":"https:\/\/suedtirolbank.eu\/de\/wp-json\/wp\/v2\/pages\/2047\/revisions"}],"predecessor-version":[{"id":4493,"href":"https:\/\/suedtirolbank.eu\/de\/wp-json\/wp\/v2\/pages\/2047\/revisions\/4493"}],"wp:attachment":[{"href":"https:\/\/suedtirolbank.eu\/de\/wp-json\/wp\/v2\/media?parent=2047"}],"curies":[{"name":"wp","href":"https:\/\/api.w.org\/{rel}","templated":true}]}}