{"id":5026,"date":"2025-01-03T13:36:48","date_gmt":"2025-01-03T13:36:48","guid":{"rendered":"https:\/\/suedtirolbank.eu\/distribuzione-assicurativa\/"},"modified":"2025-01-07T08:15:18","modified_gmt":"2025-01-07T08:15:18","slug":"distribuzione-assicurativa","status":"publish","type":"page","link":"https:\/\/suedtirolbank.eu\/de\/distribuzione-assicurativa\/","title":{"rendered":"Versicherungsvermittler"},"content":{"rendered":"[vc_row type=&#8220;full_width_background&#8220; full_screen_row_position=&#8220;middle&#8220; column_margin=&#8220;default&#8220; column_direction=&#8220;default&#8220; column_direction_tablet=&#8220;default&#8220; column_direction_phone=&#8220;default&#8220; scene_position=&#8220;center&#8220; top_padding=&#8220;200px&#8220; text_color=&#8220;light&#8220; text_align=&#8220;left&#8220; row_border_radius=&#8220;none&#8220; row_border_radius_applies=&#8220;bg&#8220; overflow=&#8220;visible&#8220; class=&#8220;eoc-secondary-header&#8220; overlay_strength=&#8220;0.3&#8243; gradient_direction=&#8220;left_to_right&#8220; shape_divider_position=&#8220;bottom&#8220; bg_image_animation=&#8220;none&#8220; gradient_type=&#8220;default&#8220; shape_type=&#8220;&#8220;][vc_column column_padding=&#8220;padding-5-percent&#8220; column_padding_tablet=&#8220;inherit&#8220; column_padding_phone=&#8220;inherit&#8220; column_padding_position=&#8220;left&#8220; column_element_direction_desktop=&#8220;default&#8220; column_element_spacing=&#8220;default&#8220; desktop_text_alignment=&#8220;default&#8220; tablet_text_alignment=&#8220;default&#8220; phone_text_alignment=&#8220;default&#8220; background_color_opacity=&#8220;1&#8243; background_hover_color_opacity=&#8220;1&#8243; column_backdrop_filter=&#8220;none&#8220; column_shadow=&#8220;none&#8220; column_border_radius=&#8220;none&#8220; column_link_target=&#8220;_self&#8220; column_position=&#8220;default&#8220; gradient_direction=&#8220;left_to_right&#8220; overlay_strength=&#8220;0.3&#8243; width=&#8220;1\/1&#8243; tablet_width_inherit=&#8220;default&#8220; animation_type=&#8220;default&#8220; bg_image_animation=&#8220;none&#8220; border_type=&#8220;simple&#8220; column_border_width=&#8220;none&#8220; column_border_style=&#8220;solid&#8220; column_padding_type=&#8220;default&#8220; gradient_type=&#8220;default&#8220;][vc_column_text css=&#8220;&#8220; text_direction=&#8220;default&#8220;]\n<h1>Versicherungsvermittler<\/h1>\n[\/vc_column_text][\/vc_column][\/vc_row][vc_row type=&#8220;full_width_background&#8220; full_screen_row_position=&#8220;middle&#8220; column_margin=&#8220;default&#8220; column_direction=&#8220;default&#8220; column_direction_tablet=&#8220;default&#8220; column_direction_phone=&#8220;default&#8220; scene_position=&#8220;center&#8220; top_padding=&#8220;12%&#8220; bottom_padding=&#8220;8%&#8220; top_padding_phone=&#8220;20%&#8220; constrain_group_5=&#8220;yes&#8220; bottom_padding_phone=&#8220;20%&#8220; text_color=&#8220;dark&#8220; text_align=&#8220;left&#8220; row_border_radius=&#8220;none&#8220; row_border_radius_applies=&#8220;bg&#8220; overflow=&#8220;visible&#8220; overlay_strength=&#8220;0.3&#8243; gradient_direction=&#8220;left_to_right&#8220; shape_divider_position=&#8220;bottom&#8220; bg_image_animation=&#8220;none&#8220; gradient_type=&#8220;default&#8220; shape_type=&#8220;&#8220;][vc_column column_padding=&#8220;no-extra-padding&#8220; column_padding_tablet=&#8220;inherit&#8220; column_padding_phone=&#8220;inherit&#8220; column_padding_position=&#8220;all&#8220; column_element_direction_desktop=&#8220;default&#8220; column_element_spacing=&#8220;default&#8220; desktop_text_alignment=&#8220;default&#8220; tablet_text_alignment=&#8220;default&#8220; phone_text_alignment=&#8220;default&#8220; background_color_opacity=&#8220;1&#8243; background_hover_color_opacity=&#8220;1&#8243; column_backdrop_filter=&#8220;none&#8220; column_shadow=&#8220;none&#8220; column_border_radius=&#8220;none&#8220; column_link_target=&#8220;_self&#8220; column_position=&#8220;default&#8220; gradient_direction=&#8220;left_to_right&#8220; overlay_strength=&#8220;0.3&#8243; width=&#8220;1\/1&#8243; tablet_width_inherit=&#8220;default&#8220; animation_type=&#8220;default&#8220; bg_image_animation=&#8220;none&#8220; border_type=&#8220;simple&#8220; column_border_width=&#8220;none&#8220; column_border_style=&#8220;solid&#8220; column_padding_type=&#8220;default&#8220; gradient_type=&#8220;default&#8220;][vc_column_text css=&#8220;&#8220; text_direction=&#8220;default&#8220;]\n<ul>\n<li>Eintragsnummer im Einheitlichen Register der Versicherungsvermittler (RUI): D000757620<\/li>\n<li>Abschnitt: D<\/li>\n<li>Zust\u00e4ndige Aufsichtsbeh\u00f6rde f\u00fcr die T\u00e4tigkeit: IVASS &#8211; Institut f\u00fcr Versicherungsaufsicht<\/li>\n<li>Vorvertragliche Informationen \u00fcber den Vertrieb von Versicherungsanlageprodukten: <a href=\"https:\/\/suedtirolbank.eu\/wp-content\/uploads\/documenti\/distribuzione-assicurativa\/Modello%20master_info%20precontrattuale%20IBIPS_1.pdf\">MUP<\/a><\/li>\n<\/ul>\n<p>&nbsp;<\/p>\n<p><strong>Beschwerden<\/strong><\/p>\n<p>Der Versicherungsnehmer hat unbeschadet der M\u00f6glichkeit, sich an die Justizbeh\u00f6rde zu wenden, das Recht, eine schriftliche Beschwerde an den Vermittler zu richten:<\/p>\n<ul>\n<li>S\u00dcDTIROL BANK AG &#8211; Beschwerdestelle, Esperantostra\u00dfe 1, I-39100 Bozen<\/li>\n<li>E-Mail: info@suedtirolbank.eu<\/li>\n<li>PEC: altoadigebancaspa@legalmail.it<\/li>\n<\/ul>\n<p>&nbsp;<\/p>\n<p>oder, in Bezug auf das vorgeschlagene Anlageprodukt, direkt an die Gesellschaft:<\/p>\n<ul>\n<li>Baloise Vie Luxembourg S.A., z.H. der Generaldirektion, 8, rue du Ch\u00e2teau d&#8217;Eau, L-3364 Leudelange<\/li>\n<li>per E-Mail (qualite@baloise.lu) oder<\/li>\n<li>\u00fcber die Website: www.baloise-life.com, in \u00dcbereinstimmung mit dem vorvertraglichen Produktinformationblatt (DIP) f\u00fcr Versicherungsanlageprodukte (IBIP)<\/li>\n<\/ul>\n<p>&nbsp;<\/p>\n<p>Ist der Versicherungsnehmer mit dem Ergebnis der Beschwerde nicht zufrieden, kann er sich an das Commissariat aux Assurances mit Sitz in Luxemburg 7 boulevard Joseph II, L-1840 oder per E-Mail (commassu@commassu.lu) oder an die Aufsichtsbeh\u00f6rden in seinem Wohnsitzland wenden:<\/p>\n<ul>\n<li>(i) IVASS (Istituto per la Vigilanza sulle Assicurazioni) via del Quirinale 21 &#8211; 00187 Roma, Website: www.ivass.it, E-Mail: tutela.consumatore@pec.ivass.it f\u00fcr Angelegenheiten im Zusammenhang mit dem Vertragsverh\u00e4ltnis oder<\/li>\n<li>(ii) CONSOB (Commissione Nazionale per la Societ\u00e0 e gli Operatori di Borsa) via G.B. Martini &#8211; 00198 Rom, Website: www.consob.it, E-Mail: consob@pec.consob.it, f\u00fcr Angelegenheiten, die die Transparenz der Informationen betreffen. Die Vertragspartei kann auch die Schlichtungstelle f\u00fcr Finanzstreitigkeiten (Arbitro per le Controversie Finanziarie) anrufen &#8211; Website: https:\/\/www.acf.consob.it.<\/li>\n<\/ul>\n[\/vc_column_text][\/vc_column][\/vc_row]\n","protected":false},"excerpt":{"rendered":"<p>[vc_row type=&#8220;full_width_background&#8220; full_screen_row_position=&#8220;middle&#8220; column_margin=&#8220;default&#8220; column_direction=&#8220;default&#8220; column_direction_tablet=&#8220;default&#8220; column_direction_phone=&#8220;default&#8220; scene_position=&#8220;center&#8220; top_padding=&#8220;200px&#8220; text_color=&#8220;light&#8220; text_align=&#8220;left&#8220; row_border_radius=&#8220;none&#8220; row_border_radius_applies=&#8220;bg&#8220; overflow=&#8220;visible&#8220; class=&#8220;eoc-secondary-header&#8220; overlay_strength=&#8220;0.3&#8243; gradient_direction=&#8220;left_to_right&#8220; shape_divider_position=&#8220;bottom&#8220; bg_image_animation=&#8220;none&#8220; gradient_type=&#8220;default&#8220; shape_type=&#8220;&#8220;][vc_column column_padding=&#8220;padding-5-percent&#8220; column_padding_tablet=&#8220;inherit&#8220; column_padding_phone=&#8220;inherit&#8220; column_padding_position=&#8220;left&#8220; column_element_direction_desktop=&#8220;default&#8220; column_element_spacing=&#8220;default&#8220; desktop_text_alignment=&#8220;default&#8220; tablet_text_alignment=&#8220;default&#8220; phone_text_alignment=&#8220;default&#8220; background_color_opacity=&#8220;1&#8243; background_hover_color_opacity=&#8220;1&#8243; column_backdrop_filter=&#8220;none&#8220; column_shadow=&#8220;none&#8220; column_border_radius=&#8220;none&#8220; column_link_target=&#8220;_self&#8220; column_position=&#8220;default&#8220; gradient_direction=&#8220;left_to_right&#8220; overlay_strength=&#8220;0.3&#8243; width=&#8220;1\/1&#8243;&#8230;<\/p>\n","protected":false},"author":2,"featured_media":0,"parent":0,"menu_order":38,"comment_status":"closed","ping_status":"closed","template":"","meta":{"_acf_changed":false,"footnotes":""},"class_list":["post-5026","page","type-page","status-publish"],"acf":[],"_links":{"self":[{"href":"https:\/\/suedtirolbank.eu\/de\/wp-json\/wp\/v2\/pages\/5026","targetHints":{"allow":["GET"]}}],"collection":[{"href":"https:\/\/suedtirolbank.eu\/de\/wp-json\/wp\/v2\/pages"}],"about":[{"href":"https:\/\/suedtirolbank.eu\/de\/wp-json\/wp\/v2\/types\/page"}],"author":[{"embeddable":true,"href":"https:\/\/suedtirolbank.eu\/de\/wp-json\/wp\/v2\/users\/2"}],"replies":[{"embeddable":true,"href":"https:\/\/suedtirolbank.eu\/de\/wp-json\/wp\/v2\/comments?post=5026"}],"version-history":[{"count":26,"href":"https:\/\/suedtirolbank.eu\/de\/wp-json\/wp\/v2\/pages\/5026\/revisions"}],"predecessor-version":[{"id":5066,"href":"https:\/\/suedtirolbank.eu\/de\/wp-json\/wp\/v2\/pages\/5026\/revisions\/5066"}],"wp:attachment":[{"href":"https:\/\/suedtirolbank.eu\/de\/wp-json\/wp\/v2\/media?parent=5026"}],"curies":[{"name":"wp","href":"https:\/\/api.w.org\/{rel}","templated":true}]}}