{"id":804,"date":"2022-11-21T21:39:03","date_gmt":"2022-11-21T21:39:03","guid":{"rendered":"https:\/\/suedtirolbank.eu\/die-bank\/job\/"},"modified":"2026-04-09T11:43:45","modified_gmt":"2026-04-09T11:43:45","slug":"mit-uns-arbeiten","status":"publish","type":"page","link":"https:\/\/suedtirolbank.eu\/de\/die-bank\/mit-uns-arbeiten\/","title":{"rendered":"Karriere in der Bank"},"content":{"rendered":"[vc_row type=&#8220;full_width_background&#8220; full_screen_row_position=&#8220;middle&#8220; column_margin=&#8220;default&#8220; column_direction=&#8220;default&#8220; column_direction_tablet=&#8220;default&#8220; column_direction_phone=&#8220;default&#8220; bg_image=&#8220;260&#8243; bg_position=&#8220;center center&#8220; background_image_loading=&#8220;default&#8220; bg_repeat=&#8220;no-repeat&#8220; full_height=&#8220;yes&#8220; scene_position=&#8220;center&#8220; text_color=&#8220;light&#8220; text_align=&#8220;left&#8220; row_border_radius=&#8220;none&#8220; row_border_radius_applies=&#8220;bg&#8220; overflow=&#8220;visible&#8220; class=&#8220;eoc-secondary-header&#8220; overlay_strength=&#8220;0.3&#8243; gradient_direction=&#8220;left_to_right&#8220; shape_divider_position=&#8220;bottom&#8220; bg_image_animation=&#8220;none&#8220; gradient_type=&#8220;default&#8220; shape_type=&#8220;&#8220;][vc_column column_padding=&#8220;no-extra-padding&#8220; column_padding_tablet=&#8220;inherit&#8220; column_padding_phone=&#8220;inherit&#8220; column_padding_position=&#8220;all&#8220; column_element_direction_desktop=&#8220;default&#8220; column_element_spacing=&#8220;default&#8220; desktop_text_alignment=&#8220;default&#8220; tablet_text_alignment=&#8220;default&#8220; phone_text_alignment=&#8220;default&#8220; background_color_opacity=&#8220;1&#8243; background_hover_color_opacity=&#8220;1&#8243; column_backdrop_filter=&#8220;none&#8220; column_shadow=&#8220;none&#8220; column_border_radius=&#8220;none&#8220; column_link_target=&#8220;_self&#8220; column_position=&#8220;default&#8220; gradient_direction=&#8220;left_to_right&#8220; overlay_strength=&#8220;0.3&#8243; width=&#8220;1\/1&#8243; tablet_width_inherit=&#8220;default&#8220; animation_type=&#8220;default&#8220; bg_image_animation=&#8220;none&#8220; border_type=&#8220;simple&#8220; column_border_width=&#8220;none&#8220; column_border_style=&#8220;solid&#8220; column_padding_type=&#8220;default&#8220; gradient_type=&#8220;default&#8220;][vc_column_text]\n<h1>Karriere in der Bank<\/h1>\n[\/vc_column_text][\/vc_column][\/vc_row][vc_row type=&#8220;full_width_background&#8220; full_screen_row_position=&#8220;middle&#8220; column_margin=&#8220;default&#8220; column_direction=&#8220;default&#8220; column_direction_tablet=&#8220;default&#8220; column_direction_phone=&#8220;default&#8220; bg_color=&#8220;#f4f4f4&#8243; scene_position=&#8220;center&#8220; top_padding=&#8220;3%&#8220; bottom_padding=&#8220;4%&#8220; top_padding_phone=&#8220;20%&#8220; constrain_group_5=&#8220;yes&#8220; bottom_padding_phone=&#8220;20%&#8220; text_color=&#8220;dark&#8220; text_align=&#8220;left&#8220; row_border_radius=&#8220;none&#8220; row_border_radius_applies=&#8220;bg&#8220; overflow=&#8220;visible&#8220; overlay_strength=&#8220;0.3&#8243; gradient_direction=&#8220;left_to_right&#8220; shape_divider_position=&#8220;bottom&#8220; bg_image_animation=&#8220;none&#8220; gradient_type=&#8220;default&#8220; shape_type=&#8220;&#8220;][vc_column column_padding=&#8220;no-extra-padding&#8220; column_padding_tablet=&#8220;inherit&#8220; column_padding_phone=&#8220;inherit&#8220; column_padding_position=&#8220;all&#8220; column_element_direction_desktop=&#8220;default&#8220; column_element_spacing=&#8220;default&#8220; desktop_text_alignment=&#8220;default&#8220; tablet_text_alignment=&#8220;default&#8220; phone_text_alignment=&#8220;default&#8220; background_color_opacity=&#8220;1&#8243; background_hover_color_opacity=&#8220;1&#8243; column_backdrop_filter=&#8220;none&#8220; column_shadow=&#8220;none&#8220; column_border_radius=&#8220;none&#8220; column_link_target=&#8220;_self&#8220; column_position=&#8220;default&#8220; gradient_direction=&#8220;left_to_right&#8220; overlay_strength=&#8220;0.3&#8243; width=&#8220;1\/1&#8243; tablet_width_inherit=&#8220;default&#8220; animation_type=&#8220;default&#8220; bg_image_animation=&#8220;none&#8220; border_type=&#8220;simple&#8220; column_border_width=&#8220;none&#8220; column_border_style=&#8220;solid&#8220;][vc_column_text]<nav aria-label=\"breadcrumbs\" class=\"rank-math-breadcrumb\"><p><span class=\"last\">Home page<\/span><\/p><\/nav>[\/vc_column_text][divider line_type=&#8220;No Line&#8220; custom_height=&#8220;25px&#8220;][vc_column_text]\n<h2>Wir sind stets auf der Suche nach Menschen, die sich von unserer<br \/>\nVision inspirieren lassen. Gemeinsam k\u00f6nnen wir unsere Ziele erreichen.<\/h2>\n[\/vc_column_text][\/vc_column][\/vc_row][vc_row type=&#8220;full_width_background&#8220; full_screen_row_position=&#8220;middle&#8220; column_margin=&#8220;90px&#8220; equal_height=&#8220;yes&#8220; column_direction=&#8220;default&#8220; column_direction_tablet=&#8220;default&#8220; column_direction_phone=&#8220;default&#8220; scene_position=&#8220;center&#8220; top_padding=&#8220;8%&#8220; bottom_padding=&#8220;8%&#8220; top_padding_phone=&#8220;20%&#8220; text_color=&#8220;dark&#8220; text_align=&#8220;left&#8220; row_border_radius=&#8220;none&#8220; row_border_radius_applies=&#8220;bg&#8220; overflow=&#8220;visible&#8220; overlay_strength=&#8220;0.3&#8243; gradient_direction=&#8220;left_to_right&#8220; shape_divider_position=&#8220;bottom&#8220; bg_image_animation=&#8220;none&#8220; gradient_type=&#8220;default&#8220; shape_type=&#8220;&#8220;][vc_column column_padding=&#8220;no-extra-padding&#8220; column_padding_tablet=&#8220;inherit&#8220; column_padding_phone=&#8220;inherit&#8220; column_padding_position=&#8220;all&#8220; column_element_direction_desktop=&#8220;default&#8220; column_element_spacing=&#8220;default&#8220; desktop_text_alignment=&#8220;default&#8220; tablet_text_alignment=&#8220;default&#8220; phone_text_alignment=&#8220;default&#8220; background_color_opacity=&#8220;1&#8243; background_hover_color_opacity=&#8220;1&#8243; column_backdrop_filter=&#8220;none&#8220; column_shadow=&#8220;none&#8220; column_border_radius=&#8220;none&#8220; column_link_target=&#8220;_self&#8220; column_position=&#8220;default&#8220; gradient_direction=&#8220;left_to_right&#8220; overlay_strength=&#8220;0.3&#8243; width=&#8220;1\/2&#8243; tablet_width_inherit=&#8220;default&#8220; animation_type=&#8220;default&#8220; bg_image_animation=&#8220;none&#8220; border_type=&#8220;simple&#8220; column_border_width=&#8220;none&#8220; column_border_style=&#8220;solid&#8220;][vc_column_text]S\u00fcdtirol Bank ist eine junge, solide aufstrebende Bank, die sich seit jeher durch die Qualit\u00e4t der Verm\u00f6gensverwaltung und ein breites, offenes Angebot an Finanzprodukten und -dienstleistungen abhebt. H\u00f6chste Qualit\u00e4t ist dabei unser Ma\u00dfstab in der Anlageberatung, im Umgang mit unseren Kunden und Partnern, in der Zusammenstellung unseres Angebots \u2013 kurz: in allem, was wir tun. Damit wir die uns gesteckten Ziele erreichen k\u00f6nnen, brauchen wir motivierte Mitarbeiterinnen und Mitarbeiter, die bereit sind, unsere Philosophie zu teilen und im Team zu arbeiten.[\/vc_column_text][vc_column_text css=&#8220;&#8220; text_direction=&#8220;default&#8220;]Unser Anspruch ist es, einen Arbeitsort zu bieten, in welchem die handelnden Personen beruflich und pers\u00f6nlich wachsen k\u00f6nnen.<\/p>\n<p>&nbsp;<\/p>\n<p><strong>SPONTANBEWERBUNGEN<\/strong><\/p>\n<p>Eine Spontanbewerbung mit Lebenslauf kann an folgende Email-Adresse versendet werden:<\/p>\n<p><a title=\"personal@suedtirolbank.eu\" href=\"mailto:personal@suedtirolbank.eu\">personal@suedtirolbank.eu<\/a>[\/vc_column_text][\/vc_column][vc_column column_padding=&#8220;no-extra-padding&#8220; column_padding_tablet=&#8220;inherit&#8220; column_padding_phone=&#8220;inherit&#8220; column_padding_position=&#8220;all&#8220; column_element_direction_desktop=&#8220;default&#8220; column_element_spacing=&#8220;default&#8220; desktop_text_alignment=&#8220;default&#8220; tablet_text_alignment=&#8220;default&#8220; phone_text_alignment=&#8220;default&#8220; background_color_opacity=&#8220;1&#8243; background_hover_color_opacity=&#8220;1&#8243; column_backdrop_filter=&#8220;none&#8220; column_shadow=&#8220;none&#8220; column_border_radius=&#8220;none&#8220; column_link_target=&#8220;_self&#8220; column_position=&#8220;default&#8220; gradient_direction=&#8220;left_to_right&#8220; overlay_strength=&#8220;0.3&#8243; width=&#8220;1\/2&#8243; tablet_width_inherit=&#8220;default&#8220; animation_type=&#8220;default&#8220; bg_image_animation=&#8220;none&#8220; border_type=&#8220;simple&#8220; column_border_width=&#8220;none&#8220; column_border_style=&#8220;solid&#8220; column_padding_type=&#8220;default&#8220; gradient_type=&#8220;default&#8220;][vc_column_text]\n<h2>Stellenangebote<\/h2>\n[\/vc_column_text][toggles style=&#8220;default&#8220; border_radius=&#8220;none&#8220;][toggle color=&#8220;Default&#8220; heading_tag=&#8220;default&#8220; heading_tag_functionality=&#8220;default&#8220; title=&#8220;JUNIOR CREDIT RISK ANALYST&#8220;][vc_column_text css=&#8220;&#8220; text_direction=&#8220;default&#8220;]S\u00fcdtirol Bank, specializzata nell\u2019offerta di servizi di investimento, offre anche tutti gli altri servizi bancari tradizionali, avvalendosi di una rete di Consulenti Finanziari che opera su tutto il territorio nazionale.<\/p>\n<p>L\u2019ambiente lavorativo \u00e8 dinamico, giovane, multiculturale, e la maggior parte dei servizi offerti e dei processi interni, \u00e8 full digital (es. processo di onboarding completamente digital, utilizzo massivo di firme OTP\u2026). In tale contesto la risorsa junior potr\u00e0 sviluppare la propria professionalit\u00e0 in ambito crediti.<\/p>\n<p><strong><br \/>\nPrincipali attivit\u00e0 e responsabilit\u00e0:<\/strong><\/p>\n<ul>\n<li>monitoraggio del portafoglio crediti<\/li>\n<li>predisposizione della reportistica per la condivisione delle informazioni<\/li>\n<li>supporto per l\u2019analisi, la valutazione del rischio e fattibilit\u00e0 delle pratiche da presentare al Consiglio di Amministrazione<\/li>\n<li>gestione amministrativa dei finanziamenti deliberati e tutte le altre attivit\u00e0 che caratterizzano l\u2019Ufficio crediti di una banca.<\/li>\n<\/ul>\n<p><strong><br \/>\nIl\/la candidato\/a ideale \u00e8 laureato\/a con i seguenti requisiti:<\/strong><\/p>\n<ul>\n<li>laurea magistrale in discipline economiche o finanziarie, con un minimo di esperienza presso altre banche, organismi finanziari o societ\u00e0 che offrono servizi di finanziamento<\/li>\n<li>buone capacit\u00e0 comunicative e relazionali, intraprendenza e proattivit\u00e0, propensione al \u201cproblem solving\u201d ed attitudine a lavorare in team<\/li>\n<\/ul>\n<ul>\n<li>buona conoscenza del pacchetto Office<\/li>\n<\/ul>\n<p><strong><br \/>\nCostituiscono titolo preferenziale:<\/strong><\/p>\n<ul>\n<li>esperienze in ambito credito presso altre banche, organismi finanziari o societ\u00e0 che offrono servizi di finanziamento<\/li>\n<li>conoscenza di base della normativa bancaria e dei processi creditizi<\/li>\n<li>buona conoscenza della lingua tedesca<\/li>\n<\/ul>\n<p><strong><br \/>\nCosa offriamo:<\/strong><\/p>\n<ul>\n<li>percorso di crescita strutturato e affiancamento on the job<\/li>\n<li>formazione continua sui processi di credito<\/li>\n<li>ambiente dinamico e collaborativo<\/li>\n<li>inquadramento e retribuzione commisurati al profilo junior<\/li>\n<\/ul>\n<p><strong><br \/>\nI nostri benefit principali:<\/strong><\/p>\n<ul>\n<li>assicurazione sanitaria<\/li>\n<li>fondo pensione<\/li>\n<li>buoni pasto giornalieri<\/li>\n<li>welfare aziendale<\/li>\n<\/ul>\n<p><strong><br \/>\nSEDE DI LAVORO:\u00a0<\/strong>Milano o Bolzano<\/p>\n<p>Se interessati potete inviare il curriculum a: <strong>personal@suedtirolbank.eu<\/strong>[\/vc_column_text][\/toggle][\/toggles][\/vc_column][\/vc_row]\n","protected":false},"excerpt":{"rendered":"<p>[vc_row type=&#8220;full_width_background&#8220; full_screen_row_position=&#8220;middle&#8220; column_margin=&#8220;default&#8220; column_direction=&#8220;default&#8220; column_direction_tablet=&#8220;default&#8220; column_direction_phone=&#8220;default&#8220; bg_image=&#8220;260&#8243; bg_position=&#8220;center center&#8220; background_image_loading=&#8220;default&#8220; bg_repeat=&#8220;no-repeat&#8220; full_height=&#8220;yes&#8220; scene_position=&#8220;center&#8220; text_color=&#8220;light&#8220; text_align=&#8220;left&#8220; row_border_radius=&#8220;none&#8220; row_border_radius_applies=&#8220;bg&#8220; overflow=&#8220;visible&#8220; class=&#8220;eoc-secondary-header&#8220; overlay_strength=&#8220;0.3&#8243; gradient_direction=&#8220;left_to_right&#8220; shape_divider_position=&#8220;bottom&#8220; bg_image_animation=&#8220;none&#8220; gradient_type=&#8220;default&#8220; shape_type=&#8220;&#8220;][vc_column column_padding=&#8220;no-extra-padding&#8220; column_padding_tablet=&#8220;inherit&#8220; column_padding_phone=&#8220;inherit&#8220; column_padding_position=&#8220;all&#8220; column_element_direction_desktop=&#8220;default&#8220; column_element_spacing=&#8220;default&#8220; desktop_text_alignment=&#8220;default&#8220; tablet_text_alignment=&#8220;default&#8220; phone_text_alignment=&#8220;default&#8220; background_color_opacity=&#8220;1&#8243; background_hover_color_opacity=&#8220;1&#8243; column_backdrop_filter=&#8220;none&#8220; column_shadow=&#8220;none&#8220; column_border_radius=&#8220;none&#8220;&#8230;<\/p>\n","protected":false},"author":2,"featured_media":0,"parent":720,"menu_order":31,"comment_status":"closed","ping_status":"closed","template":"","meta":{"_acf_changed":false,"footnotes":""},"class_list":["post-804","page","type-page","status-publish"],"acf":[],"_links":{"self":[{"href":"https:\/\/suedtirolbank.eu\/de\/wp-json\/wp\/v2\/pages\/804","targetHints":{"allow":["GET"]}}],"collection":[{"href":"https:\/\/suedtirolbank.eu\/de\/wp-json\/wp\/v2\/pages"}],"about":[{"href":"https:\/\/suedtirolbank.eu\/de\/wp-json\/wp\/v2\/types\/page"}],"author":[{"embeddable":true,"href":"https:\/\/suedtirolbank.eu\/de\/wp-json\/wp\/v2\/users\/2"}],"replies":[{"embeddable":true,"href":"https:\/\/suedtirolbank.eu\/de\/wp-json\/wp\/v2\/comments?post=804"}],"version-history":[{"count":35,"href":"https:\/\/suedtirolbank.eu\/de\/wp-json\/wp\/v2\/pages\/804\/revisions"}],"predecessor-version":[{"id":5944,"href":"https:\/\/suedtirolbank.eu\/de\/wp-json\/wp\/v2\/pages\/804\/revisions\/5944"}],"up":[{"embeddable":true,"href":"https:\/\/suedtirolbank.eu\/de\/wp-json\/wp\/v2\/pages\/720"}],"wp:attachment":[{"href":"https:\/\/suedtirolbank.eu\/de\/wp-json\/wp\/v2\/media?parent=804"}],"curies":[{"name":"wp","href":"https:\/\/api.w.org\/{rel}","templated":true}]}}