{"id":891,"date":"2022-11-21T22:40:27","date_gmt":"2022-11-21T22:40:27","guid":{"rendered":"https:\/\/suedtirolbank.eu\/cookie\/"},"modified":"2024-05-30T08:45:21","modified_gmt":"2024-05-30T08:45:21","slug":"cookie","status":"publish","type":"page","link":"https:\/\/suedtirolbank.eu\/de\/cookie\/","title":{"rendered":"Cookie"},"content":{"rendered":"[vc_row type=&#8220;full_width_background&#8220; full_screen_row_position=&#8220;middle&#8220; column_margin=&#8220;default&#8220; column_direction=&#8220;default&#8220; column_direction_tablet=&#8220;default&#8220; column_direction_phone=&#8220;default&#8220; scene_position=&#8220;center&#8220; top_padding=&#8220;200px&#8220; text_color=&#8220;light&#8220; text_align=&#8220;left&#8220; row_border_radius=&#8220;none&#8220; row_border_radius_applies=&#8220;bg&#8220; overflow=&#8220;visible&#8220; class=&#8220;eoc-secondary-header&#8220; overlay_strength=&#8220;0.3&#8243; gradient_direction=&#8220;left_to_right&#8220; shape_divider_position=&#8220;bottom&#8220; bg_image_animation=&#8220;none&#8220; gradient_type=&#8220;default&#8220; shape_type=&#8220;&#8220;][vc_column column_padding=&#8220;padding-5-percent&#8220; column_padding_tablet=&#8220;inherit&#8220; column_padding_phone=&#8220;inherit&#8220; column_padding_position=&#8220;left&#8220; column_element_direction_desktop=&#8220;default&#8220; column_element_spacing=&#8220;default&#8220; desktop_text_alignment=&#8220;default&#8220; tablet_text_alignment=&#8220;default&#8220; phone_text_alignment=&#8220;default&#8220; background_color_opacity=&#8220;1&#8243; background_hover_color_opacity=&#8220;1&#8243; column_backdrop_filter=&#8220;none&#8220; column_shadow=&#8220;none&#8220; column_border_radius=&#8220;none&#8220; column_link_target=&#8220;_self&#8220; column_position=&#8220;default&#8220; gradient_direction=&#8220;left_to_right&#8220; overlay_strength=&#8220;0.3&#8243; width=&#8220;1\/1&#8243; tablet_width_inherit=&#8220;default&#8220; animation_type=&#8220;default&#8220; bg_image_animation=&#8220;none&#8220; border_type=&#8220;simple&#8220; column_border_width=&#8220;none&#8220; column_border_style=&#8220;solid&#8220; column_padding_type=&#8220;default&#8220; gradient_type=&#8220;default&#8220;][vc_column_text]\n<h1>Umgang mit Cookie<\/h1>\n[\/vc_column_text][\/vc_column][\/vc_row][vc_row type=&#8220;in_container&#8220; full_screen_row_position=&#8220;middle&#8220; column_margin=&#8220;default&#8220; column_direction=&#8220;default&#8220; column_direction_tablet=&#8220;default&#8220; column_direction_phone=&#8220;default&#8220; scene_position=&#8220;center&#8220; top_padding=&#8220;8%&#8220; constrain_group_1=&#8220;yes&#8220; bottom_padding=&#8220;8%&#8220; text_color=&#8220;dark&#8220; text_align=&#8220;left&#8220; row_border_radius=&#8220;none&#8220; row_border_radius_applies=&#8220;bg&#8220; overflow=&#8220;visible&#8220; overlay_strength=&#8220;0.3&#8243; gradient_direction=&#8220;left_to_right&#8220; shape_divider_position=&#8220;bottom&#8220; bg_image_animation=&#8220;none&#8220; gradient_type=&#8220;default&#8220; shape_type=&#8220;&#8220;][vc_column column_padding=&#8220;no-extra-padding&#8220; column_padding_tablet=&#8220;inherit&#8220; column_padding_phone=&#8220;inherit&#8220; column_padding_position=&#8220;all&#8220; column_element_direction_desktop=&#8220;default&#8220; column_element_spacing=&#8220;default&#8220; desktop_text_alignment=&#8220;default&#8220; tablet_text_alignment=&#8220;default&#8220; phone_text_alignment=&#8220;default&#8220; background_color_opacity=&#8220;1&#8243; background_hover_color_opacity=&#8220;1&#8243; column_backdrop_filter=&#8220;none&#8220; column_shadow=&#8220;none&#8220; column_border_radius=&#8220;none&#8220; column_link_target=&#8220;_self&#8220; column_position=&#8220;default&#8220; gradient_direction=&#8220;left_to_right&#8220; overlay_strength=&#8220;0.3&#8243; width=&#8220;1\/1&#8243; tablet_width_inherit=&#8220;default&#8220; animation_type=&#8220;default&#8220; bg_image_animation=&#8220;none&#8220; border_type=&#8220;simple&#8220; column_border_width=&#8220;none&#8220; column_border_style=&#8220;solid&#8220;][vc_column_text css=&#8220;&#8220; text_direction=&#8220;default&#8220;]\n<h3>Was sind Cookies?<\/h3>\n<p>Cookies sind kleine Textdateien, die kleine Mengen von Informationen enthalten und auf Ihrem Computer oder mobilen Ger\u00e4t heruntergeladen werden, wenn Sie eine Website besuchen. Cookies werden dann bei jedem k\u00fcnftigen Besuch zur\u00fcck an die Website gesendet, von der sie stammen, oder auch an eine andere Website, die das Cookie erkennt. Cookies sind n\u00fctzlich, weil Webseiten damit die Ger\u00e4te einzelner Benutzer erkennen k\u00f6nnen (wie beispielsweise Kennw\u00f6rter, die gew\u00e4hlte Sprache, die Schriftgr\u00f6\u00dfe, andere Display-Einstellungen). Cookies erlauben es so, eine Webseite an Ihre Interessen anzupassen, damit diese nicht jedes Mal neu eingeben werden m\u00fcssen. Cookies werden daher verwendet, um Computer-Authentifizierungen durchf\u00fchren, Besuche zu \u00fcberwachen und das Verhalten der Benutzer auf einer Website zu beobachten. Sie k\u00f6nnen auch einen eindeutigen Identifizierungskodex beinhalten, der f\u00fcr statistische Zwecke oder f\u00fcr Werbung die Navigation der Benutzer innerhalb der Webseite nachverfolgt. W\u00e4hrend der Navigation auf der Webseite k\u00f6nnen Sie auf Ihrem Computer oder mobilen Ger\u00e4t auch Cookies anderer Webseiten oder Web-Server erhalten (siehe &#8222;Drittanbieter-Cookie&#8220;). Einige Funktionalit\u00e4ten k\u00f6nnten ohne Cookies nicht oder nicht richtig funktionieren, daher sind sie in bestimmten F\u00e4llen f\u00fcr das einwandfreie Funktionieren der Webseite technisch notwendig.<\/p>\n<p>Es gibt verschiedene Arten von Cookies. Entsprechend ihren Eigenschaften und Funktionen k\u00f6nnen diese auf Ihrem Computer oder auf Ihrem mobilen Ger\u00e4t unterschiedlich lang gespeichert bleiben: die Sitzungscookies, die automatisch gel\u00f6scht werden, sobald der Browser geschlossen wird; die dauerhaften Cookies, die auf dem Ger\u00e4t des Benutzers bis zu einem vorher festgelegten Zeitpunkt bleiben.<\/p>\n<p>Unter den geltenden Rechtsvorschriften in Italien ist f\u00fcr die Verwendung von Cookies nicht immer die ausdr\u00fcckliche Zustimmung erforderlich. Insbesondere technischen Cookies erfordern diese nicht, etwa zur \u00dcbertragung einer Nachricht \u00fcber ein elektronisches Kommunikationsnetzwerk, oder um einen vom Benutzer explizit angeforderten Dienst bereitzustellen. Es handelt sich, mit anderen Worten, um unverzichtbare Cookies f\u00fcr das einwandfreie Funktionieren der Seite oder f\u00fcr Aktivit\u00e4ten, die der Benutzer anfordert.<\/p>\n<p>Zu den technischen Cookies, die nicht die ausdr\u00fcckliche Zustimmung zu deren Verwendung ben\u00f6tigen, z\u00e4hlt die Beh\u00f6rde f\u00fcr den Schutz personenbezogener Daten folgende Cookie (siehe die Ma\u00dfnahme \u201e<a href=\"http:\/\/www.garanteprivacy.it\/web\/guest\/home\/docweb\/-\/docweb-display\/docweb\/3118884\" hreflang=\"it\" target=\"_blank\" rel=\"noopener\">Individuazione delle modalit\u00e0 semplificate per l&#8217;informativa e l&#8217;acquisizione del consenso per l&#8217;uso dei cookie &#8211; 8 maggio 2014 (3118884)<\/a>\u201c):<\/p>\n<ul>\n<li>Analyse-Cookies, direkt eingesetzt durch den Seitenbetreiber, um Informationen bez\u00fcglich Anzahl und Verhalten der Benutzer ebendieser Webseite zu sammeln,<\/li>\n<li>Cookie f\u00fcr die Navigation oder Besuche (f\u00fcr die Authentifizierung, einen Kauf zu t\u00e4tigen, usw.),<\/li>\n<li>Funktionale Cookies: Diese Cookie erm\u00f6glichen den Benutzern die Navigation aufgrund von einer Reihe von gew\u00e4hlter Funktionen (wie Spracheinstellungen, die zum Kauf gew\u00e4hlten Waren) mit dem Zweck, Komfort und Leistung der Webseite zu verbessern.<\/li>\n<\/ul>\n<p>&nbsp;<\/p>\n<p>F\u00fcr Cookies, die zur Erstellung von Nutzer-Profilen zur Erstellung von Werbebotschaften ausgerichtet sind, ist eine vorherige Zustimmung des Benutzers notwendig und erfolgt in Einklang mit seinen Vorlieben, die aus der Navigation zu erkennen sind.<\/p>\n<h3>Welche Arten von Cookies verwenden wir?<\/h3>\n<p><strong>Diese Website verwendet keine Cookies zur Erstellung von Profilen<\/strong>. Verwendet werden nur Cookies, wie:<\/p>\n<ul>\n<li><strong>Technische Cookies<\/strong>, d.h. f\u00fcr die Navigation oder Besuche, zwingend n\u00f6tig f\u00fcr das einwandfreie Funktionieren der Webseite oder f\u00fcr die Nutzung der angebotenen Inhalte und Dienste von Seiten der Benutzer.<\/li>\n<li><strong>Analyse-Cookies<\/strong> helfen zu verstehen, wie die Website von den Benutzern verwendet wird. Diese Cookies sammeln weder Informationen \u00fcber die Identit\u00e4t der Benutzer, noch pers\u00f6nliche Daten. Die Informationen werden in aggregierter und anonymisierter Form verarbeitet.<\/li>\n<li><strong>Drittanbieter-Cookies <\/strong>sind Cookies, die aus anderen Webseiten oder Web-Servern stammen und den Zwecken ebendieser dienen.<\/li>\n<\/ul>\n<p>&nbsp;<\/p>\n<p>Informationen, die \u00fcber Cookies eingehen, werden nicht daf\u00fcr eingesetzt, um die Benutzer zu identifizieren. Cookies werden ausschlie\u00dflich f\u00fcr die oben beschriebenen Zwecke verwendet.<\/p>\n<p>Die \u00c4nderung oder die Best\u00e4tigung der Einstellungen in Bezug auf die Verwendung von Cookies kann jederzeit durch den Benutzer erfolgen. Bitte gehen Sie hierf\u00fcr ans Ende dieser Seite und w\u00e4hlen Sie den entsprechenden Link.<\/p>\n<p>Au\u00dferdem k\u00f6nnen die Benutzer auch \u00fcber entsprechende Einstellungen im Browser entscheiden, ob die Cookies gesperrt oder gel\u00f6scht (ganz oder teilweise) werden. Sollten jedoch alle oder einige Cookies deaktiviert sein, ist es m\u00f6glich, dass die Webseite nicht einwandfrei funktioniert oder bestimmte Dienste oder Funktionen nicht zur Verf\u00fcgung stehen. Es k\u00f6nnte sein, dass die Benutzer bei jedem Besuch manuell einige \u00c4nderungen, Informationen oder Pr\u00e4ferenzen eingeben m\u00fcssen.<\/p>\n<p>Im Folgenden haben wir Links zusammengestellt, unter denen Sie detaillierte Informationen zur Deaktivierung von Cookies in g\u00e4ngigen Browsern finden.<\/p>\n<ul>\n<li><a href=\"http:\/\/windows.microsoft.com\/de-DE\/windows-vista\/block-or-allow-cookies\" target=\"_blank\" rel=\"noopener\">Internet Explorer<\/a><\/li>\n<li><a href=\"https:\/\/support.mozilla.org\/de\/kb\/cookies-erlauben-und-ablehnen\" target=\"_blank\" rel=\"noopener\">Firefox<\/a><\/li>\n<li><a href=\"https:\/\/support.google.com\/chrome\/answer\/95647?hl=de&amp;topic=14666&amp;ctx=topic\" target=\"_blank\" rel=\"noopener\">Chrome<\/a><\/li>\n<li><a href=\"http:\/\/www.opera.com\/help\/tutorials\/security\/cookies\/\" hreflang=\"en\" target=\"_blank\" rel=\"noopener\">Opera<\/a><\/li>\n<li><a href=\"https:\/\/support.apple.com\/kb\/PH17191?viewlocale=de_DE\" target=\"_blank\" rel=\"noopener\">Safari<\/a><\/li>\n<\/ul>\n<p>&nbsp;<\/p>\n<p>Weitere Informationen und Details \u00fcber die verschiedenen Arten von Cookies, deren Funktionsweise und Features finden Sie unter <a href=\"http:\/\/www.allaboutcookies.org\/ge\/\" target=\"_blank\" rel=\"noopener\">www.AllAboutCookies.org<\/a>.[\/vc_column_text][\/vc_column][\/vc_row]\n","protected":false},"excerpt":{"rendered":"<p>[vc_row type=&#8220;full_width_background&#8220; full_screen_row_position=&#8220;middle&#8220; column_margin=&#8220;default&#8220; column_direction=&#8220;default&#8220; column_direction_tablet=&#8220;default&#8220; column_direction_phone=&#8220;default&#8220; scene_position=&#8220;center&#8220; top_padding=&#8220;200px&#8220; text_color=&#8220;light&#8220; text_align=&#8220;left&#8220; row_border_radius=&#8220;none&#8220; row_border_radius_applies=&#8220;bg&#8220; overflow=&#8220;visible&#8220; class=&#8220;eoc-secondary-header&#8220; overlay_strength=&#8220;0.3&#8243; gradient_direction=&#8220;left_to_right&#8220; shape_divider_position=&#8220;bottom&#8220; bg_image_animation=&#8220;none&#8220; gradient_type=&#8220;default&#8220; shape_type=&#8220;&#8220;][vc_column column_padding=&#8220;padding-5-percent&#8220; column_padding_tablet=&#8220;inherit&#8220; column_padding_phone=&#8220;inherit&#8220; column_padding_position=&#8220;left&#8220; column_element_direction_desktop=&#8220;default&#8220; column_element_spacing=&#8220;default&#8220; desktop_text_alignment=&#8220;default&#8220; tablet_text_alignment=&#8220;default&#8220; phone_text_alignment=&#8220;default&#8220; background_color_opacity=&#8220;1&#8243; background_hover_color_opacity=&#8220;1&#8243; column_backdrop_filter=&#8220;none&#8220; column_shadow=&#8220;none&#8220; column_border_radius=&#8220;none&#8220; column_link_target=&#8220;_self&#8220; column_position=&#8220;default&#8220; gradient_direction=&#8220;left_to_right&#8220; overlay_strength=&#8220;0.3&#8243; width=&#8220;1\/1&#8243;&#8230;<\/p>\n","protected":false},"author":2,"featured_media":0,"parent":0,"menu_order":4,"comment_status":"closed","ping_status":"closed","template":"","meta":{"_acf_changed":false,"footnotes":""},"class_list":["post-891","page","type-page","status-publish"],"acf":[],"_links":{"self":[{"href":"https:\/\/suedtirolbank.eu\/de\/wp-json\/wp\/v2\/pages\/891","targetHints":{"allow":["GET"]}}],"collection":[{"href":"https:\/\/suedtirolbank.eu\/de\/wp-json\/wp\/v2\/pages"}],"about":[{"href":"https:\/\/suedtirolbank.eu\/de\/wp-json\/wp\/v2\/types\/page"}],"author":[{"embeddable":true,"href":"https:\/\/suedtirolbank.eu\/de\/wp-json\/wp\/v2\/users\/2"}],"replies":[{"embeddable":true,"href":"https:\/\/suedtirolbank.eu\/de\/wp-json\/wp\/v2\/comments?post=891"}],"version-history":[{"count":20,"href":"https:\/\/suedtirolbank.eu\/de\/wp-json\/wp\/v2\/pages\/891\/revisions"}],"predecessor-version":[{"id":4330,"href":"https:\/\/suedtirolbank.eu\/de\/wp-json\/wp\/v2\/pages\/891\/revisions\/4330"}],"wp:attachment":[{"href":"https:\/\/suedtirolbank.eu\/de\/wp-json\/wp\/v2\/media?parent=891"}],"curies":[{"name":"wp","href":"https:\/\/api.w.org\/{rel}","templated":true}]}}