{"id":915,"date":"2022-11-21T22:47:27","date_gmt":"2022-11-21T22:47:27","guid":{"rendered":"https:\/\/suedtirolbank.eu\/note-legali\/"},"modified":"2024-05-09T09:54:54","modified_gmt":"2024-05-09T09:54:54","slug":"rechtliche-mitteilungen","status":"publish","type":"page","link":"https:\/\/suedtirolbank.eu\/de\/rechtliche-mitteilungen\/","title":{"rendered":"Rechtliche Mitteilungen"},"content":{"rendered":"[vc_row type=&#8220;full_width_background&#8220; full_screen_row_position=&#8220;middle&#8220; column_margin=&#8220;default&#8220; column_direction=&#8220;default&#8220; column_direction_tablet=&#8220;default&#8220; column_direction_phone=&#8220;default&#8220; scene_position=&#8220;center&#8220; top_padding=&#8220;200px&#8220; text_color=&#8220;light&#8220; text_align=&#8220;left&#8220; row_border_radius=&#8220;none&#8220; row_border_radius_applies=&#8220;bg&#8220; overflow=&#8220;visible&#8220; class=&#8220;eoc-secondary-header&#8220; overlay_strength=&#8220;0.3&#8243; gradient_direction=&#8220;left_to_right&#8220; shape_divider_position=&#8220;bottom&#8220; bg_image_animation=&#8220;none&#8220; gradient_type=&#8220;default&#8220; shape_type=&#8220;&#8220;][vc_column column_padding=&#8220;padding-5-percent&#8220; column_padding_tablet=&#8220;inherit&#8220; column_padding_phone=&#8220;inherit&#8220; column_padding_position=&#8220;left&#8220; column_element_direction_desktop=&#8220;default&#8220; column_element_spacing=&#8220;default&#8220; desktop_text_alignment=&#8220;default&#8220; tablet_text_alignment=&#8220;default&#8220; phone_text_alignment=&#8220;default&#8220; background_color_opacity=&#8220;1&#8243; background_hover_color_opacity=&#8220;1&#8243; column_backdrop_filter=&#8220;none&#8220; column_shadow=&#8220;none&#8220; column_border_radius=&#8220;none&#8220; column_link_target=&#8220;_self&#8220; column_position=&#8220;default&#8220; gradient_direction=&#8220;left_to_right&#8220; overlay_strength=&#8220;0.3&#8243; width=&#8220;1\/1&#8243; tablet_width_inherit=&#8220;default&#8220; animation_type=&#8220;default&#8220; bg_image_animation=&#8220;none&#8220; border_type=&#8220;simple&#8220; column_border_width=&#8220;none&#8220; column_border_style=&#8220;solid&#8220; column_padding_type=&#8220;default&#8220; gradient_type=&#8220;default&#8220;][vc_column_text]\n<h1>Rechtliche Mitteilungen<\/h1>\n[\/vc_column_text][\/vc_column][\/vc_row][vc_row type=&#8220;in_container&#8220; full_screen_row_position=&#8220;middle&#8220; column_margin=&#8220;default&#8220; column_direction=&#8220;default&#8220; column_direction_tablet=&#8220;default&#8220; column_direction_phone=&#8220;default&#8220; scene_position=&#8220;center&#8220; top_padding=&#8220;10%&#8220; text_color=&#8220;dark&#8220; text_align=&#8220;left&#8220; row_border_radius=&#8220;none&#8220; row_border_radius_applies=&#8220;bg&#8220; overflow=&#8220;visible&#8220; overlay_strength=&#8220;0.3&#8243; gradient_direction=&#8220;left_to_right&#8220; shape_divider_position=&#8220;bottom&#8220; bg_image_animation=&#8220;none&#8220; gradient_type=&#8220;default&#8220; shape_type=&#8220;&#8220;][vc_column column_padding=&#8220;no-extra-padding&#8220; column_padding_tablet=&#8220;inherit&#8220; column_padding_phone=&#8220;inherit&#8220; column_padding_position=&#8220;all&#8220; column_element_direction_desktop=&#8220;default&#8220; column_element_spacing=&#8220;default&#8220; desktop_text_alignment=&#8220;default&#8220; tablet_text_alignment=&#8220;default&#8220; phone_text_alignment=&#8220;default&#8220; background_color_opacity=&#8220;1&#8243; background_hover_color_opacity=&#8220;1&#8243; column_backdrop_filter=&#8220;none&#8220; column_shadow=&#8220;none&#8220; column_border_radius=&#8220;none&#8220; column_link_target=&#8220;_self&#8220; column_position=&#8220;default&#8220; gradient_direction=&#8220;left_to_right&#8220; overlay_strength=&#8220;0.3&#8243; width=&#8220;1\/1&#8243; tablet_width_inherit=&#8220;default&#8220; animation_type=&#8220;default&#8220; bg_image_animation=&#8220;none&#8220; border_type=&#8220;simple&#8220; column_border_width=&#8220;none&#8220; column_border_style=&#8220;solid&#8220;][vc_column_text css=&#8220;&#8220; text_direction=&#8220;default&#8220;]<strong>S\u00fcdtirol Bank AG\u00a0<\/strong><\/p>\n<p>&nbsp;<\/p>\n<p><strong>Rechtssitz<\/strong><br \/>\nEsperantostrasse 1<br \/>\nI-39100 Bozen<\/p>\n<p><strong>Tel.<\/strong> +39 0471 057 700 \u00a0| \u00a0<strong>Fax<\/strong> +39 0471 057 707<\/p>\n<p><strong>Mail:<\/strong> <a href=\"mailto:info@suedtirolbank.eu\">info@suedtirolbank.eu<\/a><strong>\u00a0<\/strong>\u00a0| \u00a0<strong>PEC:<\/strong> altoadigebancaspa@legalmail.it<\/p>\n<p>Eingetragen im Handelsregister Bozen, REA-Nr: BZ-157534, Steuernummer 11658880155, Mwst.-Nr. 01697990214<\/p>\n<p><strong>Gesellschaftskapital:<\/strong> 20.000.000 Euro voll eingezahlt<\/p>\n<p>Mitglied des Einlagensicherungsfonds und nationalen Garantiefonds<\/p>\n<p><strong>Design, Realisierung, Fotos<\/strong><br \/>\n<a href=\"https:\/\/eoc.vision\/de\/\" target=\"_blank\" rel=\"noopener\">Eoc GmbH &#8211; Benefit Corporation<\/a> | \u00a0Fotos in Lizenz von Shutterstock.com<\/p>\n<p><strong>Allgemeine Gesch\u00e4ftsbedingungen<\/strong><br \/>\nDie Inhalte unserer Internetseiten werden sorgf\u00e4ltig erarbeitet und in regelm\u00e4\u00dfigen Abst\u00e4nden aktualisiert. Trotzdem k\u00f6nnen Fehler auftreten, z.B. durch technische St\u00f6rungen oder durch unbefugte Dritte. Deshalb k\u00f6nnen wir keine Gew\u00e4hr f\u00fcr die Richtigkeit, Vollst\u00e4ndigkeit und Aktualit\u00e4t der Inhalte \u00fcbernehmen. Dasselbe gilt f\u00fcr Informationen auf externen Internetseiten, auf die wir durch Links verweisen, und deren Inhalte nicht von uns erstellt wurden. Weiters stellen die hier enthaltenen Aussagen keine Anlageberatung oder sonstige Empfehlung dar und sind nicht als Vertragsangebot zu verstehen. F\u00fcr eine individuelle Beratung bitten wir Sie, sich direkt mit den zust\u00e4ndigen Bereich der Bank in Verbindung zu setzen. Inhalt und Struktur des Internetauftritts der S\u00fcdtirol Bank sind urheberrechtlich gesch\u00fctzt. Der Benutzer darf die Inhalte nur f\u00fcr seinen pers\u00f6nlichen Gebrauch auswerten. Die Vervielf\u00e4ltigung von Informationen und Daten, vor allem die Verwendung von Texten, Textteilen oder Bildern, kann nur unter der vorherigen Zustimmung der S\u00fcdtirol Bank erfolgen. Links auf unsere Internetseiten bed\u00fcrfen der vorherigen Zustimmung der S\u00fcdtirol Bank.[\/vc_column_text][\/vc_column][\/vc_row]\n","protected":false},"excerpt":{"rendered":"<p>[vc_row type=&#8220;full_width_background&#8220; full_screen_row_position=&#8220;middle&#8220; column_margin=&#8220;default&#8220; column_direction=&#8220;default&#8220; column_direction_tablet=&#8220;default&#8220; column_direction_phone=&#8220;default&#8220; scene_position=&#8220;center&#8220; top_padding=&#8220;200px&#8220; text_color=&#8220;light&#8220; text_align=&#8220;left&#8220; row_border_radius=&#8220;none&#8220; row_border_radius_applies=&#8220;bg&#8220; overflow=&#8220;visible&#8220; class=&#8220;eoc-secondary-header&#8220; overlay_strength=&#8220;0.3&#8243; gradient_direction=&#8220;left_to_right&#8220; shape_divider_position=&#8220;bottom&#8220; bg_image_animation=&#8220;none&#8220; gradient_type=&#8220;default&#8220; shape_type=&#8220;&#8220;][vc_column column_padding=&#8220;padding-5-percent&#8220; column_padding_tablet=&#8220;inherit&#8220; column_padding_phone=&#8220;inherit&#8220; column_padding_position=&#8220;left&#8220; column_element_direction_desktop=&#8220;default&#8220; column_element_spacing=&#8220;default&#8220; desktop_text_alignment=&#8220;default&#8220; tablet_text_alignment=&#8220;default&#8220; phone_text_alignment=&#8220;default&#8220; background_color_opacity=&#8220;1&#8243; background_hover_color_opacity=&#8220;1&#8243; column_backdrop_filter=&#8220;none&#8220; column_shadow=&#8220;none&#8220; column_border_radius=&#8220;none&#8220; column_link_target=&#8220;_self&#8220; column_position=&#8220;default&#8220; gradient_direction=&#8220;left_to_right&#8220; overlay_strength=&#8220;0.3&#8243; width=&#8220;1\/1&#8243;&#8230;<\/p>\n","protected":false},"author":2,"featured_media":0,"parent":0,"menu_order":37,"comment_status":"closed","ping_status":"closed","template":"","meta":{"_acf_changed":false,"footnotes":""},"class_list":["post-915","page","type-page","status-publish"],"acf":[],"_links":{"self":[{"href":"https:\/\/suedtirolbank.eu\/de\/wp-json\/wp\/v2\/pages\/915","targetHints":{"allow":["GET"]}}],"collection":[{"href":"https:\/\/suedtirolbank.eu\/de\/wp-json\/wp\/v2\/pages"}],"about":[{"href":"https:\/\/suedtirolbank.eu\/de\/wp-json\/wp\/v2\/types\/page"}],"author":[{"embeddable":true,"href":"https:\/\/suedtirolbank.eu\/de\/wp-json\/wp\/v2\/users\/2"}],"replies":[{"embeddable":true,"href":"https:\/\/suedtirolbank.eu\/de\/wp-json\/wp\/v2\/comments?post=915"}],"version-history":[{"count":16,"href":"https:\/\/suedtirolbank.eu\/de\/wp-json\/wp\/v2\/pages\/915\/revisions"}],"predecessor-version":[{"id":4225,"href":"https:\/\/suedtirolbank.eu\/de\/wp-json\/wp\/v2\/pages\/915\/revisions\/4225"}],"wp:attachment":[{"href":"https:\/\/suedtirolbank.eu\/de\/wp-json\/wp\/v2\/media?parent=915"}],"curies":[{"name":"wp","href":"https:\/\/api.w.org\/{rel}","templated":true}]}}