{"id":927,"date":"2022-11-21T22:37:18","date_gmt":"2022-11-21T22:37:18","guid":{"rendered":"https:\/\/suedtirolbank.eu\/sicurezza\/"},"modified":"2026-02-11T10:03:26","modified_gmt":"2026-02-11T10:03:26","slug":"sicherheit","status":"publish","type":"page","link":"https:\/\/suedtirolbank.eu\/de\/sicherheit\/","title":{"rendered":"Sicherheit"},"content":{"rendered":"[vc_row type=&#8220;full_width_background&#8220; full_screen_row_position=&#8220;middle&#8220; column_margin=&#8220;default&#8220; column_direction=&#8220;default&#8220; column_direction_tablet=&#8220;default&#8220; column_direction_phone=&#8220;default&#8220; scene_position=&#8220;center&#8220; top_padding=&#8220;200px&#8220; text_color=&#8220;light&#8220; text_align=&#8220;left&#8220; row_border_radius=&#8220;none&#8220; row_border_radius_applies=&#8220;bg&#8220; overflow=&#8220;visible&#8220; class=&#8220;eoc-secondary-header&#8220; overlay_strength=&#8220;0.3&#8243; gradient_direction=&#8220;left_to_right&#8220; shape_divider_position=&#8220;bottom&#8220; bg_image_animation=&#8220;none&#8220; gradient_type=&#8220;default&#8220; shape_type=&#8220;&#8220;][vc_column column_padding=&#8220;padding-5-percent&#8220; column_padding_tablet=&#8220;inherit&#8220; column_padding_phone=&#8220;inherit&#8220; column_padding_position=&#8220;left&#8220; column_element_direction_desktop=&#8220;default&#8220; column_element_spacing=&#8220;default&#8220; desktop_text_alignment=&#8220;default&#8220; tablet_text_alignment=&#8220;default&#8220; phone_text_alignment=&#8220;default&#8220; background_color_opacity=&#8220;1&#8243; background_hover_color_opacity=&#8220;1&#8243; column_backdrop_filter=&#8220;none&#8220; column_shadow=&#8220;none&#8220; column_border_radius=&#8220;none&#8220; column_link_target=&#8220;_self&#8220; column_position=&#8220;default&#8220; gradient_direction=&#8220;left_to_right&#8220; overlay_strength=&#8220;0.3&#8243; width=&#8220;1\/1&#8243; tablet_width_inherit=&#8220;default&#8220; animation_type=&#8220;default&#8220; bg_image_animation=&#8220;none&#8220; border_type=&#8220;simple&#8220; column_border_width=&#8220;none&#8220; column_border_style=&#8220;solid&#8220; column_padding_type=&#8220;default&#8220; gradient_type=&#8220;default&#8220;][vc_column_text]\n<h1>Sicherheit<\/h1>\n[\/vc_column_text][\/vc_column][\/vc_row][vc_row type=&#8220;in_container&#8220; full_screen_row_position=&#8220;middle&#8220; column_margin=&#8220;default&#8220; column_direction=&#8220;default&#8220; column_direction_tablet=&#8220;default&#8220; column_direction_phone=&#8220;default&#8220; scene_position=&#8220;center&#8220; top_padding=&#8220;12%&#8220; bottom_padding=&#8220;5%&#8220; top_padding_phone=&#8220;20%&#8220; constrain_group_5=&#8220;yes&#8220; bottom_padding_phone=&#8220;20%&#8220; text_color=&#8220;dark&#8220; text_align=&#8220;left&#8220; row_border_radius=&#8220;none&#8220; row_border_radius_applies=&#8220;bg&#8220; overflow=&#8220;visible&#8220; overlay_strength=&#8220;0.3&#8243; gradient_direction=&#8220;left_to_right&#8220; shape_divider_position=&#8220;bottom&#8220; bg_image_animation=&#8220;none&#8220; gradient_type=&#8220;default&#8220; shape_type=&#8220;&#8220;][vc_column column_padding=&#8220;no-extra-padding&#8220; column_padding_tablet=&#8220;inherit&#8220; column_padding_phone=&#8220;inherit&#8220; column_padding_position=&#8220;all&#8220; column_element_direction_desktop=&#8220;default&#8220; column_element_spacing=&#8220;default&#8220; desktop_text_alignment=&#8220;default&#8220; tablet_text_alignment=&#8220;default&#8220; phone_text_alignment=&#8220;default&#8220; background_color_opacity=&#8220;1&#8243; background_hover_color_opacity=&#8220;1&#8243; column_backdrop_filter=&#8220;none&#8220; column_shadow=&#8220;none&#8220; column_border_radius=&#8220;none&#8220; column_link_target=&#8220;_self&#8220; column_position=&#8220;default&#8220; gradient_direction=&#8220;left_to_right&#8220; overlay_strength=&#8220;0.3&#8243; width=&#8220;1\/1&#8243; tablet_width_inherit=&#8220;default&#8220; animation_type=&#8220;default&#8220; bg_image_animation=&#8220;none&#8220; border_type=&#8220;simple&#8220; column_border_width=&#8220;none&#8220; column_border_style=&#8220;solid&#8220; column_padding_type=&#8220;default&#8220; gradient_type=&#8220;default&#8220;][vc_column_text css=&#8220;&#8220; text_direction=&#8220;default&#8220;]In diesem Abschnitt k\u00f6nnen Sie Informationen und Dokumente hinsichtlich der Datensicherheit herunterladen und ausdrucken.<\/p>\n<p>&nbsp;<\/p>\n<p><strong>S\u00fcdtirol Bank ist ISO\/IEC 27001 zertifiziert<\/strong><\/p>\n<p>S\u00fcdtirol Bank ist ISO\/IEC 27001 zertifiziert, welche als f\u00fchrende internationale Norm f\u00fcr Informationssicherheits-Managementsysteme gilt. Sie richtet sich an privatwirtschaftliche und \u00f6ffentliche Unternehmen sowie gemeinn\u00fctzige Organisationen und tr\u00e4gt zur Identifizierung und Minimierung der Informatationssicherheitsrisiken bei, indem ein systematischer und strukturierter Sicherheitsmechanismus implementiert wird, der vertrauliche Kundendaten sch\u00fctzt, die Integrit\u00e4t der betrieblichen Daten sicherstellt und die Verf\u00fcgbarkeit der IT-Systeme im Unternehmen erh\u00f6ht. Die Norm erf\u00fcllt insbesondere Anforderungen des Finanz-, IT\/ und \u00f6ffentlichen Sektors, in welchem der Schutz der Informationen eine kritische Komponente darstellt. ICIM ist die akkreditierte Gesellschaft zur Zertifizierung des Informationssicherheits-Managementsystems nach der Norm UNI CEI ISO\/IEC 27001.<\/p>\n<p><strong>Dokumente<\/strong><\/p>\n<ul>\n<li><a href=\"\/wp-content\/uploads\/documenti\/sicurezza\/EBA-EIOPA-ESMA_Frodi e truffe finanziarie online nell era dell IA.pdf\" target=\"_blank\" rel=\"noopener\">EBA-EIOPA-ESMA: Frodi e truffe finanziarie online nell&#8217;era dell&#8217;IA<\/a> (in italienischer Sprache)<\/li>\n<li><a href=\"\/wp-content\/uploads\/documenti\/sicurezza\/Politica di sicurezza Suedtirol Bank.pdf\" target=\"_blank\" rel=\"noopener\">Politica di sicurezza delle informazioni di S\u00fcdtirol Bank <\/a>(in italienischer Sprache)<\/li>\n<li><a href=\"\/wp-content\/uploads\/documenti\/sicurezza\/GUIDA ALLA SICUREZZA DEI DATI.pdf\" target=\"_blank\" rel=\"noopener\">Guida alla sicurezza dei dati <\/a>(in italienischer Sprache)<\/li>\n<li><a href=\"\/wp-content\/uploads\/documenti\/sicurezza\/Vademecum ABI maggio 2017.pdf\" target=\"_blank\" rel=\"noopener\">ABI (Associazione Bancaria Italiana) &#8211; Vademecum contro le truffe &#8211; Consigli utili<\/a> (in italienischer Sprache)<\/li>\n<\/ul>\n[\/vc_column_text][\/vc_column][\/vc_row][vc_row type=&#8220;in_container&#8220; full_screen_row_position=&#8220;middle&#8220; column_margin=&#8220;default&#8220; column_direction=&#8220;default&#8220; column_direction_tablet=&#8220;default&#8220; column_direction_phone=&#8220;default&#8220; scene_position=&#8220;center&#8220; text_color=&#8220;dark&#8220; text_align=&#8220;left&#8220; row_border_radius=&#8220;none&#8220; row_border_radius_applies=&#8220;bg&#8220; overflow=&#8220;visible&#8220; overlay_strength=&#8220;0.3&#8243; gradient_direction=&#8220;left_to_right&#8220; shape_divider_position=&#8220;bottom&#8220; bg_image_animation=&#8220;none&#8220; gradient_type=&#8220;default&#8220; shape_type=&#8220;&#8220;][vc_column column_padding=&#8220;no-extra-padding&#8220; column_padding_tablet=&#8220;inherit&#8220; column_padding_phone=&#8220;inherit&#8220; column_padding_position=&#8220;all&#8220; column_element_direction_desktop=&#8220;default&#8220; column_element_spacing=&#8220;default&#8220; desktop_text_alignment=&#8220;default&#8220; tablet_text_alignment=&#8220;default&#8220; phone_text_alignment=&#8220;default&#8220; background_color_opacity=&#8220;1&#8243; background_hover_color_opacity=&#8220;1&#8243; column_backdrop_filter=&#8220;none&#8220; column_shadow=&#8220;none&#8220; column_border_radius=&#8220;none&#8220; column_link_target=&#8220;_self&#8220; column_position=&#8220;default&#8220; gradient_direction=&#8220;left_to_right&#8220; overlay_strength=&#8220;0.3&#8243; width=&#8220;1\/1&#8243; tablet_width_inherit=&#8220;default&#8220; animation_type=&#8220;default&#8220; bg_image_animation=&#8220;none&#8220; border_type=&#8220;simple&#8220; column_border_width=&#8220;none&#8220; column_border_style=&#8220;solid&#8220;][vc_column_text]\n<h2>Richtlinien zur Erkennung und Vermeidung von Bedrohungen im Internet<\/h2>\n[\/vc_column_text][divider line_type=&#8220;Full Width Line&#8220; line_thickness=&#8220;1&#8243; divider_color=&#8220;accent-color&#8220; animate=&#8220;yes&#8220; custom_height=&#8220;50px&#8220; delay=&#8220;150&#8243; custom_height_phone=&#8220;0px&#8220;][\/vc_column][\/vc_row][vc_row type=&#8220;in_container&#8220; full_screen_row_position=&#8220;middle&#8220; column_margin=&#8220;default&#8220; column_direction=&#8220;default&#8220; column_direction_tablet=&#8220;default&#8220; column_direction_phone=&#8220;default&#8220; scene_position=&#8220;center&#8220; bottom_padding=&#8220;10%&#8220; bottom_padding_phone=&#8220;20%&#8220; text_color=&#8220;dark&#8220; text_align=&#8220;left&#8220; row_border_radius=&#8220;none&#8220; row_border_radius_applies=&#8220;bg&#8220; overflow=&#8220;visible&#8220; overlay_strength=&#8220;0.3&#8243; gradient_direction=&#8220;left_to_right&#8220; shape_divider_position=&#8220;bottom&#8220; bg_image_animation=&#8220;none&#8220; gradient_type=&#8220;default&#8220; shape_type=&#8220;&#8220;][vc_column column_padding=&#8220;no-extra-padding&#8220; column_padding_tablet=&#8220;inherit&#8220; column_padding_phone=&#8220;inherit&#8220; column_padding_position=&#8220;all&#8220; column_element_direction_desktop=&#8220;default&#8220; column_element_spacing=&#8220;default&#8220; desktop_text_alignment=&#8220;default&#8220; tablet_text_alignment=&#8220;default&#8220; phone_text_alignment=&#8220;default&#8220; background_color_opacity=&#8220;1&#8243; background_hover_color_opacity=&#8220;1&#8243; column_backdrop_filter=&#8220;none&#8220; column_shadow=&#8220;none&#8220; column_border_radius=&#8220;none&#8220; column_link_target=&#8220;_self&#8220; column_position=&#8220;default&#8220; gradient_direction=&#8220;left_to_right&#8220; overlay_strength=&#8220;0.3&#8243; width=&#8220;1\/1&#8243; tablet_width_inherit=&#8220;default&#8220; animation_type=&#8220;default&#8220; bg_image_animation=&#8220;none&#8220; border_type=&#8220;simple&#8220; column_border_width=&#8220;none&#8220; column_border_style=&#8220;solid&#8220;][toggles style=&#8220;minimal&#8220; accordion=&#8220;true&#8220; accordion_starting_functionality=&#8220;default&#8220;][toggle color=&#8220;Default&#8220; heading_tag=&#8220;default&#8220; heading_tag_functionality=&#8220;default&#8220; title=&#8220;DATENSICHERHEIT&#8220;][vc_column_text]Datensicherheit und Datenschutz geh\u00f6ren zu den Grundpfeilern der Aktivit\u00e4ten der S\u00fcdtirol Bank (die \u201cBank\u201d). Aus diesem Grund f\u00fchren wir laufend Ma\u00dfnahmen durch, um die Sicherheit der Kundendaten zu gew\u00e4hrleisten. Doch auch der Kunde, als finaler Nutzer der Banksysteme, verk\u00f6rpert eine wichtige Rolle im Umgang mit den Risiken aus Online-Betr\u00fcgereien und unberechtigten Zugriffen. Nachfolgend eine Reihe von Richtlinien, welche Ihnen eine Hilfestellung zur Erkennung und Vermeidung von Bedrohungen im Internet geben.[\/vc_column_text][\/toggle][toggle color=&#8220;Default&#8220; heading_tag=&#8220;default&#8220; heading_tag_functionality=&#8220;default&#8220; title=&#8220;SCH\u00dcTZEN SIE SICH VOR PISHING-ANGRIFFEN&#8220;][vc_column_text]Pishing geh\u00f6rt zu den h\u00e4ufigsten Betr\u00fcgereien im Internet. Von Pishing spricht man, wenn der Internetnutzer E-Mails der Bank oder von oft genutzten Zahlungssystemen erh\u00e4lt, welche gef\u00e4lscht sind, den offiziellen Mitteilungen sehr \u00e4hneln und den User auffordern, pers\u00f6nliche Informationen zu hinterlassen. Dies mit der Absicht, die hochsensiblen Daten f\u00fcr illegale Zwecke zu missbrauchen. Meistens enthalten die E-Mails einen Link auf eine vertrauensw\u00fcrdige &#8211; aber nachgeahmte &#8211; Internetseite, und fordern den Kunden auf, die Zugangsdaten f\u00fcr sein Konto einzugeben. Oft wird dies mit systemtechnischen Ausf\u00e4llen begr\u00fcndet.<\/p>\n<p><em>Einige Richtlinien, um sich vor Angriffen zu sch\u00fctzen:<\/em><\/p>\n<ul>\n<li>h\u00f6chste Vorsicht ist beim Erhalt von elektronischer Post von unbekannten Absendern geboten, insbesondere falls diese auf Anlagen oder externe Links verweisen: diese k\u00f6nnten Viren enthalten oder eine betr\u00fcgerische Absicht haben;<\/li>\n<li>erhalten Sie elektronische Post der Bank, so \u00fcberpr\u00fcfen Sie, ob der Absender mit der Internetadresse der Bank \u00fcbereinstimmt. Die Domain muss dieselbe sein: @suedtirolbank.eu;<\/li>\n<li>seien Sie aufmerksam bei Mitteilungen der Bank oder entsprechenden Instituten, welche Sie in allgemeiner Form begr\u00fc\u00dfen, beispielsweise mit \u201cGeehrter Kunde\u201c. Die Bank verwendet normalweise bei pers\u00f6nlichen Mitteilungen ihren Namen;<\/li>\n<li>seien Sie aufmerksam bei Mitteilungen, welche nach pers\u00f6nlichen Informationen fragen, beispielsweise nach Username, Passwort oder Kontodetails (Banken oder entsprechende Institute fordern Sie niemals auf, Ihre Daten preiszugeben, da diese Informationen der Bank bekannt sind);<\/li>\n<li>der Einstieg auf die Internetseite der Bank oder der Zahlungssysteme sollte immer durch die direkte Eingabe der Internetadresse auf der Funktionsleiste des Browsers erfolgen und nicht \u00fcber das Anklicken von externen Links, denn damit setzt mach sich m\u00f6glichen Gefahren aus.<\/li>\n<\/ul>\n[\/vc_column_text][\/toggle][toggle color=&#8220;Default&#8220; heading_tag=&#8220;default&#8220; heading_tag_functionality=&#8220;default&#8220; title=&#8220;SCH\u00dcTZEN SIE IHREN COMPUTER&#8220;][vc_column_text]Vergessen Sie nicht, dass Ihr Computer Angriffsziel betr\u00fcgerischer Aktionen sein kann, beispielsweise durch Infektion mit Schadsoftware (\u201emalware\u201c). Eine unmittelbare Konsequenz w\u00e4re der Verlust der auf dem PC abgespeicherten Informationen (Dokumente, Daten, Fotos) und der Datendiebstahl. Aus diesem Grund ist es unerl\u00e4sslich, den PC durch ad\u00e4quate Antivirensoftware und Firewall abzuschirmen.<\/p>\n<p><em>Einige Richtlinien, um sich vor Angriffen zu sch\u00fctzen:<\/em><\/p>\n<ul>\n<li>aktualisieren Sie regelm\u00e4\u00dfig das Betriebssystem Ihres Computers;<\/li>\n<li>aktualisieren Sie regelm\u00e4\u00dfig die Browser-Version, um im Internet zu surfen;<\/li>\n<li>installieren Sie eine Antivirensoftware auf Ihrem PC und aktualisieren Sie sie regelm\u00e4\u00dfig;<\/li>\n<li>installieren Sie eine Firewall;<\/li>\n<li>vermeiden Sie den Download von Programmen und Applikationen von verd\u00e4chtigen Internetseiten;<\/li>\n<li>\u00f6ffnen Sie niemals verd\u00e4chtige Email-Nachrichten, insbesondere falls Anh\u00e4nge beigef\u00fcgt sind;<\/li>\n<li>seien Sie vorsichtig beim Austausch von Files im Internet: setzen Sie sich nicht unn\u00f6tigen Risiken (Virus) und externen Angriffen aus.<\/li>\n<\/ul>\n[\/vc_column_text][\/toggle][toggle color=&#8220;Default&#8220; heading_tag=&#8220;default&#8220; heading_tag_functionality=&#8220;default&#8220; title=&#8220;SCH\u00dcTZEN SIE IHRE ZUGANGSDATEN&#8220;][vc_column_text]PC, Smartphone und Tablet sind inzwischen feste Bestandteile unseres Alltages: wir \u00fcberpr\u00fcfen die E-Mail-Box nach neuen Nachrichten, wir kontrollieren online den Kontostand, wir f\u00fchren \u00dcberweisungen \u00fcber das Internet Banking durch, wir kaufen online ein. Es ist daher unerl\u00e4sslich, die Zugangsdaten sicher verwalten.<\/p>\n<p><em>Einige Richtlinien, um sich vor Angriffen zu sch\u00fctzen:<\/em><\/p>\n<ul>\n<li>nehmen Sie regelm\u00e4\u00dfig \u00c4nderungen der Passw\u00f6rter vor;<\/li>\n<li>w\u00e4hlen Sie \u201cstarke\u201d, schwer zu erratende, Passw\u00f6rter aus;<\/li>\n<li>verwahren Sie Ihre Zugangscodes mit h\u00f6chster Vorsicht;<\/li>\n<li>speichern Sie Ihre Zugangsdaten nicht auf dem PC oder Mobiltelefon ab;<\/li>\n<li>verwenden Sie nie die Browser-Funktionalit\u00e4ten zur Speicherung der Zugangsdaten (PIN-Code, Passw\u00f6rter): geben Sie die Daten manuell ein, sobald Sie sich mit dem Internet verbinden;<\/li>\n<li>\u00fcberpr\u00fcfen Sie regelm\u00e4\u00dfig die Richtigkeit der Kontoausz\u00fcge und Zahlungsmitteilungen.<\/li>\n<li>nutzen die die Log-Out-Funktionalit\u00e4ten, sobald Sie Ihre Aktivit\u00e4ten im Internet Banking oder anderen Online-Diensten abgeschlossen haben.<\/li>\n<\/ul>\n[\/vc_column_text][\/toggle][toggle color=&#8220;Default&#8220; heading_tag=&#8220;default&#8220; heading_tag_functionality=&#8220;default&#8220; title=&#8220;ACHTEN SIE AUF IHRE MOBILEN GER\u00c4TE&#8220;][vc_column_text]Dank des Internets und der Nutzung von Smartphones, tragbaren PCs und Tablets \u2013 sind wir heutzutage in der Lage, Banktransaktionen und Online-Zahlungen an jedem Standort durchzuf\u00fchren. Dies f\u00fchrt aber zu neuen Risiken: Sie k\u00f6nnten Ihre mobilen Ger\u00e4te vergessen oder verlieren bzw. Ihre Ger\u00e4te k\u00f6nnten gestohlen werden. Damit setzen Sie sich der Gefahr aus, dass ihre pers\u00f6nlichen Daten missbraucht werden oder mit ihnen Zugriffe auf Ihre Online-Konten gemacht werden. Aus diesem Grund ist es wichtig, alle notwendigen Ma\u00dfnahmen zu ergreifen, um \u00dcberraschungen zu vermeiden.<\/p>\n<p>Auch die Entsorgung, das Verschenken oder der Verkauf von gebrauchten Ger\u00e4ten muss korrekt und sachgem\u00e4\u00df durchgef\u00fchrt werden, um eine zweckentfremdete Verwendung der Daten (Email, Zugangsdaten, Dokumente, Vertr\u00e4ge) durch Dritte zu verhindern.[\/vc_column_text][\/toggle][toggle color=&#8220;Default&#8220; heading_tag=&#8220;default&#8220; heading_tag_functionality=&#8220;default&#8220; title=&#8220;Was tun bei Unregelm\u00e4\u00dfigkeiten?&#8220;][vc_column_text]Falls Sie glauben, dass die Datensicherheit bei Transaktionen mit unserer Bank beeintr\u00e4chtigt wurde, wenden Sie sich bitte umgehend an Ihren pers\u00f6nlichen Anlageberater oder kontaktieren Sie direkt die Bank mittels der Email-Adresse <a href=\"mailto:info@suedtirolbank.eu\">info@suedtirolbank.eu<\/a>.[\/vc_column_text][\/toggle][\/toggles][\/vc_column][\/vc_row]\n","protected":false},"excerpt":{"rendered":"<p>[vc_row type=&#8220;full_width_background&#8220; full_screen_row_position=&#8220;middle&#8220; column_margin=&#8220;default&#8220; column_direction=&#8220;default&#8220; column_direction_tablet=&#8220;default&#8220; column_direction_phone=&#8220;default&#8220; scene_position=&#8220;center&#8220; top_padding=&#8220;200px&#8220; text_color=&#8220;light&#8220; text_align=&#8220;left&#8220; row_border_radius=&#8220;none&#8220; row_border_radius_applies=&#8220;bg&#8220; overflow=&#8220;visible&#8220; class=&#8220;eoc-secondary-header&#8220; overlay_strength=&#8220;0.3&#8243; gradient_direction=&#8220;left_to_right&#8220; shape_divider_position=&#8220;bottom&#8220; bg_image_animation=&#8220;none&#8220; gradient_type=&#8220;default&#8220; shape_type=&#8220;&#8220;][vc_column column_padding=&#8220;padding-5-percent&#8220; column_padding_tablet=&#8220;inherit&#8220; column_padding_phone=&#8220;inherit&#8220; column_padding_position=&#8220;left&#8220; column_element_direction_desktop=&#8220;default&#8220; column_element_spacing=&#8220;default&#8220; desktop_text_alignment=&#8220;default&#8220; tablet_text_alignment=&#8220;default&#8220; phone_text_alignment=&#8220;default&#8220; background_color_opacity=&#8220;1&#8243; background_hover_color_opacity=&#8220;1&#8243; column_backdrop_filter=&#8220;none&#8220; column_shadow=&#8220;none&#8220; column_border_radius=&#8220;none&#8220; column_link_target=&#8220;_self&#8220; column_position=&#8220;default&#8220; gradient_direction=&#8220;left_to_right&#8220; overlay_strength=&#8220;0.3&#8243; width=&#8220;1\/1&#8243;&#8230;<\/p>\n","protected":false},"author":2,"featured_media":0,"parent":0,"menu_order":48,"comment_status":"closed","ping_status":"closed","template":"","meta":{"_acf_changed":false,"footnotes":""},"class_list":["post-927","page","type-page","status-publish"],"acf":[],"_links":{"self":[{"href":"https:\/\/suedtirolbank.eu\/de\/wp-json\/wp\/v2\/pages\/927","targetHints":{"allow":["GET"]}}],"collection":[{"href":"https:\/\/suedtirolbank.eu\/de\/wp-json\/wp\/v2\/pages"}],"about":[{"href":"https:\/\/suedtirolbank.eu\/de\/wp-json\/wp\/v2\/types\/page"}],"author":[{"embeddable":true,"href":"https:\/\/suedtirolbank.eu\/de\/wp-json\/wp\/v2\/users\/2"}],"replies":[{"embeddable":true,"href":"https:\/\/suedtirolbank.eu\/de\/wp-json\/wp\/v2\/comments?post=927"}],"version-history":[{"count":12,"href":"https:\/\/suedtirolbank.eu\/de\/wp-json\/wp\/v2\/pages\/927\/revisions"}],"predecessor-version":[{"id":5790,"href":"https:\/\/suedtirolbank.eu\/de\/wp-json\/wp\/v2\/pages\/927\/revisions\/5790"}],"wp:attachment":[{"href":"https:\/\/suedtirolbank.eu\/de\/wp-json\/wp\/v2\/media?parent=927"}],"curies":[{"name":"wp","href":"https:\/\/api.w.org\/{rel}","templated":true}]}}